{"id":16063,"date":"2023-09-08T08:40:35","date_gmt":"2023-09-08T11:40:35","guid":{"rendered":"https:\/\/www.retrogamedojr.com.br\/?page_id=16063"},"modified":"2026-03-11T07:43:33","modified_gmt":"2026-03-11T10:43:33","slug":"%d1%81%d0%bf%d0%b0%d1%81%d0%b8%d0%b1%d0%be-%d0%b7%d0%b0-%d0%bf%d0%be%d0%ba%d1%83%d0%bf%d0%ba%d1%83","status":"publish","type":"page","link":"https:\/\/www.retrogamedojr.com.br\/ru\/obrigado-por-sua-compra\/","title":{"rendered":"\u0421\u043f\u0430\u0441\u0438\u0431\u043e \u0437\u0430 \u043f\u043e\u043a\u0443\u043f\u043a\u0443."},"content":{"rendered":"<div data-elementor-type=\"wp-page\" data-elementor-id=\"16063\" class=\"elementor elementor-16063\" data-elementor-post-type=\"page\">\n\t\t\t\t\t\t<section class=\"elementor-section elementor-top-section elementor-element elementor-element-52a1d743 elementor-section-height-min-height elementor-section-content-middle elementor-section-boxed elementor-section-height-default elementor-section-items-middle\" data-id=\"52a1d743\" data-element_type=\"section\" data-e-type=\"section\" data-settings=\"{&quot;background_background&quot;:&quot;classic&quot;}\">\n\t\t\t\t\t\t\t<div class=\"elementor-background-overlay\"><\/div>\n\t\t\t\t\t\t\t<div class=\"elementor-container elementor-column-gap-default\">\n\t\t\t\t\t<div class=\"elementor-column elementor-col-100 elementor-top-column elementor-element elementor-element-3db2a803\" data-id=\"3db2a803\" data-element_type=\"column\" data-e-type=\"column\">\n\t\t\t<div class=\"elementor-widget-wrap elementor-element-populated\">\n\t\t\t\t\t\t<div class=\"elementor-element elementor-element-29143e96 elementor-widget elementor-widget-heading\" data-id=\"29143e96\" data-element_type=\"widget\" data-e-type=\"widget\" data-widget_type=\"heading.default\">\n\t\t\t\t<div class=\"elementor-widget-container\">\n\t\t\t\t\t<h2 class=\"elementor-heading-title elementor-size-default\">\u0421\u043f\u0430\u0441\u0438\u0431\u043e \u0437\u0430 \u043f\u043e\u043a\u0443\u043f\u043a\u0443.<\/h2>\t\t\t\t<\/div>\n\t\t\t\t<\/div>\n\t\t\t\t\t<\/div>\n\t\t<\/div>\n\t\t\t\t\t<\/div>\n\t\t<\/section>\n\t\t\t\t<section class=\"elementor-section elementor-top-section elementor-element elementor-element-ae1ff9b elementor-section-boxed elementor-section-height-default elementor-section-height-default\" data-id=\"ae1ff9b\" data-element_type=\"section\" data-e-type=\"section\" data-settings=\"{&quot;background_background&quot;:&quot;classic&quot;}\">\n\t\t\t\t\t\t<div class=\"elementor-container elementor-column-gap-default\">\n\t\t\t\t\t<div class=\"elementor-column elementor-col-100 elementor-top-column elementor-element elementor-element-45134a59\" data-id=\"45134a59\" data-element_type=\"column\" data-e-type=\"column\">\n\t\t\t<div class=\"elementor-widget-wrap\">\n\t\t\t\t\t\t\t<\/div>\n\t\t<\/div>\n\t\t\t\t\t<\/div>\n\t\t<\/section>\n\t\t\t\t<section class=\"elementor-section elementor-top-section elementor-element elementor-element-141b07eb elementor-section-boxed elementor-section-height-default elementor-section-height-default\" data-id=\"141b07eb\" data-element_type=\"section\" data-e-type=\"section\">\n\t\t\t\t\t\t<div class=\"elementor-container elementor-column-gap-default\">\n\t\t\t\t\t<div class=\"elementor-column elementor-col-100 elementor-top-column elementor-element elementor-element-3c74df16\" data-id=\"3c74df16\" data-element_type=\"column\" data-e-type=\"column\" data-settings=\"{&quot;background_background&quot;:&quot;classic&quot;}\">\n\t\t\t<div class=\"elementor-widget-wrap elementor-element-populated\">\n\t\t\t\t\t\t<div class=\"elementor-element elementor-element-6ac3cf8f elementor-widget elementor-widget-text-editor\" data-id=\"6ac3cf8f\" data-element_type=\"widget\" data-e-type=\"widget\" data-widget_type=\"text-editor.default\">\n\t\t\t\t<div class=\"elementor-widget-container\">\n\t\t\t\t\t\t\t\t\t<div><span style=\"color: #000000;\"><span style=\"font-size: 18.6667px;\"><b>\u0421\u043f\u0430\u0441\u0438\u0431\u043e \u0437\u0430 \u043f\u043e\u043a\u0443\u043f\u043a\u0443.<\/b><\/span><\/span><\/div><div>\u00a0<\/div><div><p>\u0418\u043d\u0444\u043e\u0440\u043c\u0430\u0446\u0438\u044f \u043e \u0432\u0430\u0448\u0435\u0439 \u043f\u043e\u043a\u0443\u043f\u043a\u0435 \u0431\u044b\u043b\u0430 \u0430\u0432\u0442\u043e\u043c\u0430\u0442\u0438\u0447\u0435\u0441\u043a\u0438 \u043e\u0442\u043f\u0440\u0430\u0432\u043b\u0435\u043d\u0430 \u043d\u0430 \u0430\u0434\u0440\u0435\u0441 WhatsApp \u0438 \u044d\u043b\u0435\u043a\u0442\u0440\u043e\u043d\u043d\u0443\u044e \u043f\u043e\u0447\u0442\u0443, \u0443\u043a\u0430\u0437\u0430\u043d\u043d\u044b\u0435 \u0432\u0430\u043c\u0438 \u043f\u0440\u0438 \u043e\u0444\u043e\u0440\u043c\u043b\u0435\u043d\u0438\u0438 \u043f\u043e\u043a\u0443\u043f\u043a\u0438. \u041f\u043e\u0436\u0430\u043b\u0443\u0439\u0441\u0442\u0430, \u043f\u0440\u043e\u0432\u0435\u0440\u044c\u0442\u0435 \u043f\u0430\u043f\u043a\u0443 \u00ab\u0412\u0445\u043e\u0434\u044f\u0449\u0438\u0435\u00bb, \u00ab\u0421\u043f\u0430\u043c\u00bb \u0438\u043b\u0438 \u00ab\u041d\u0435\u0436\u0435\u043b\u0430\u0442\u0435\u043b\u044c\u043d\u0430\u044f \u043f\u043e\u0447\u0442\u0430\u00bb.<\/p><\/div><p>\u0412\u044b \u0442\u0430\u043a\u0436\u0435 \u043c\u043e\u0436\u0435\u0442\u0435 \u043f\u043e\u043b\u0443\u0447\u0438\u0442\u044c \u043a \u043d\u0435\u043c\u0443 \u043f\u0440\u044f\u043c\u043e\u0439 \u0434\u043e\u0441\u0442\u0443\u043f \u043f\u043e \u0430\u0434\u0440\u0435\u0441\u0443 WWW.RETROGAMEDOJR.COM.BR \u0432\u043e \u0432\u043a\u043b\u0430\u0434\u043a\u0435 \u00ab\u0412\u0445\u043e\u0434\u00bb, \u0438\u0441\u043f\u043e\u043b\u044c\u0437\u0443\u044f \u0430\u0434\u0440\u0435\u0441 \u044d\u043b\u0435\u043a\u0442\u0440\u043e\u043d\u043d\u043e\u0439 \u043f\u043e\u0447\u0442\u044b \u0438 \u043f\u0430\u0440\u043e\u043b\u044c, \u043a\u043e\u0442\u043e\u0440\u044b\u0435 \u0432\u044b \u0441\u043e\u0437\u0434\u0430\u043b\u0438 \u043f\u0440\u0438 \u043f\u043e\u043a\u0443\u043f\u043a\u0435, \u0430 \u0437\u0430\u0442\u0435\u043c \u0432\u043e \u0432\u043a\u043b\u0430\u0434\u043a\u0435 \u00ab\u041c\u043e\u0439 \u0430\u043a\u043a\u0430\u0443\u043d\u0442\u00bb.<\/p>\t\t\t\t\t\t\t\t<\/div>\n\t\t\t\t<\/div>\n\t\t\t\t\t<\/div>\n\t\t<\/div>\n\t\t\t\t\t<\/div>\n\t\t<\/section>\n\t\t\t\t<section class=\"elementor-section elementor-top-section elementor-element elementor-element-c66670d elementor-section-boxed elementor-section-height-default elementor-section-height-default\" data-id=\"c66670d\" data-element_type=\"section\" data-e-type=\"section\" data-settings=\"{&quot;background_background&quot;:&quot;classic&quot;}\">\n\t\t\t\t\t\t<div class=\"elementor-container elementor-column-gap-default\">\n\t\t\t\t\t<div class=\"elementor-column elementor-col-100 elementor-top-column elementor-element elementor-element-76f0a68\" data-id=\"76f0a68\" data-element_type=\"column\" data-e-type=\"column\">\n\t\t\t<div class=\"elementor-widget-wrap elementor-element-populated\">\n\t\t\t\t\t\t<div class=\"elementor-element elementor-element-c3d16f8 elementor-widget elementor-widget-spacer\" data-id=\"c3d16f8\" data-element_type=\"widget\" data-e-type=\"widget\" data-widget_type=\"spacer.default\">\n\t\t\t\t<div class=\"elementor-widget-container\">\n\t\t\t\t\t\t\t<div class=\"elementor-spacer\">\n\t\t\t<div class=\"elementor-spacer-inner\"><\/div>\n\t\t<\/div>\n\t\t\t\t\t\t<\/div>\n\t\t\t\t<\/div>\n\t\t\t\t\t<\/div>\n\t\t<\/div>\n\t\t\t\t\t<\/div>\n\t\t<\/section>\n\t\t\t\t<\/div>","protected":false},"excerpt":{"rendered":"<p>Obrigado por sua compra Obrigado por sua compra\u00a0 * Os dados da sua compra foram enviados de forma autom\u00e1tica para o seu WhastApp e E-MAIL cadastrado durante a compra, favor verificar a sua caixa de entrada, spam ou lixo eletr\u00f4nico.. Voc\u00ea poder\u00e1 acessar diretamente tamb\u00e9m em WWW.RETROGAMEDOJR.COM.BR na aba LOGIN usando o seu email e [&hellip;]<\/p>\n","protected":false},"author":1,"featured_media":0,"parent":0,"menu_order":1,"comment_status":"closed","ping_status":"closed","template":"","meta":{"_acf_changed":false,"site-sidebar-layout":"no-sidebar","site-content-layout":"page-builder","ast-site-content-layout":"default","site-content-style":"default","site-sidebar-style":"default","ast-global-header-display":"","ast-banner-title-visibility":"","ast-main-header-display":"","ast-hfb-above-header-display":"","ast-hfb-below-header-display":"","ast-hfb-mobile-header-display":"","site-post-title":"disabled","ast-breadcrumbs-content":"","ast-featured-img":"disabled","footer-sml-layout":"","ast-disable-related-posts":"","theme-transparent-header-meta":"","adv-header-id-meta":"","stick-header-meta":"","header-above-stick-meta":"","header-main-stick-meta":"","header-below-stick-meta":"","astra-migrate-meta-layouts":"default","ast-page-background-enabled":"default","ast-page-background-meta":{"desktop":{"background-color":"var(--ast-global-color-4)","background-image":"","background-repeat":"repeat","background-position":"center center","background-size":"auto","background-attachment":"scroll","background-type":"","background-media":"","overlay-type":"","overlay-color":"","overlay-opacity":"","overlay-gradient":""},"tablet":{"background-color":"","background-image":"","background-repeat":"repeat","background-position":"center center","background-size":"auto","background-attachment":"scroll","background-type":"","background-media":"","overlay-type":"","overlay-color":"","overlay-opacity":"","overlay-gradient":""},"mobile":{"background-color":"","background-image":"","background-repeat":"repeat","background-position":"center center","background-size":"auto","background-attachment":"scroll","background-type":"","background-media":"","overlay-type":"","overlay-color":"","overlay-opacity":"","overlay-gradient":""}},"ast-content-background-meta":{"desktop":{"background-color":"var(--ast-global-color-5)","background-image":"","background-repeat":"repeat","background-position":"center center","background-size":"auto","background-attachment":"scroll","background-type":"","background-media":"","overlay-type":"","overlay-color":"","overlay-opacity":"","overlay-gradient":""},"tablet":{"background-color":"var(--ast-global-color-5)","background-image":"","background-repeat":"repeat","background-position":"center center","background-size":"auto","background-attachment":"scroll","background-type":"","background-media":"","overlay-type":"","overlay-color":"","overlay-opacity":"","overlay-gradient":""},"mobile":{"background-color":"var(--ast-global-color-5)","background-image":"","background-repeat":"repeat","background-position":"center center","background-size":"auto","background-attachment":"scroll","background-type":"","background-media":"","overlay-type":"","overlay-color":"","overlay-opacity":"","overlay-gradient":""}},"footnotes":""},"class_list":["post-16063","page","type-page","status-publish","hentry"],"acf":[],"yoast_head":"<!-- This site is optimized with the Yoast SEO Premium plugin v26.1 (Yoast SEO v27.4) - https:\/\/yoast.com\/product\/yoast-seo-premium-wordpress\/ -->\n<title>Obrigado por sua compra - Retro Game do Jr<\/title>\n<meta name=\"robots\" content=\"index, follow, max-snippet:-1, max-image-preview:large, max-video-preview:-1\" \/>\n<link rel=\"canonical\" href=\"https:\/\/www.retrogamedojr.com.br\/ru\/\u0441\u043f\u0430\u0441\u0438\u0431\u043e-\u0437\u0430-\u043f\u043e\u043a\u0443\u043f\u043a\u0443\/\" \/>\n<meta property=\"og:locale\" content=\"ru_RU\" \/>\n<meta property=\"og:type\" content=\"article\" \/>\n<meta property=\"og:title\" content=\"Obrigado por sua compra\" \/>\n<meta property=\"og:description\" content=\"Obrigado por sua compra Obrigado por sua compra\u00a0 * Os dados da sua compra foram enviados de forma autom\u00e1tica para o seu WhastApp e E-MAIL cadastrado durante a compra, favor verificar a sua caixa de entrada, spam ou lixo eletr\u00f4nico.. Voc\u00ea poder\u00e1 acessar diretamente tamb\u00e9m em WWW.RETROGAMEDOJR.COM.BR na aba LOGIN usando o seu email e [&hellip;]\" \/>\n<meta property=\"og:url\" content=\"https:\/\/www.retrogamedojr.com.br\/ru\/\u0441\u043f\u0430\u0441\u0438\u0431\u043e-\u0437\u0430-\u043f\u043e\u043a\u0443\u043f\u043a\u0443\/\" \/>\n<meta property=\"og:site_name\" content=\"Retro Game do Jr\" \/>\n<meta property=\"article:modified_time\" content=\"2026-03-11T10:43:33+00:00\" \/>\n<meta name=\"twitter:card\" content=\"summary_large_image\" \/>\n<meta name=\"twitter:label1\" content=\"\u041f\u0440\u0438\u043c\u0435\u0440\u043d\u043e\u0435 \u0432\u0440\u0435\u043c\u044f \u0434\u043b\u044f \u0447\u0442\u0435\u043d\u0438\u044f\" \/>\n\t<meta name=\"twitter:data1\" content=\"1 \u043c\u0438\u043d\u0443\u0442\u0430\" \/>\n<script type=\"application\/ld+json\" class=\"yoast-schema-graph\">{\"@context\":\"https:\\\/\\\/schema.org\",\"@graph\":[{\"@type\":\"WebPage\",\"@id\":\"https:\\\/\\\/www.retrogamedojr.com.br\\\/obrigado-por-sua-compra\\\/\",\"url\":\"https:\\\/\\\/www.retrogamedojr.com.br\\\/obrigado-por-sua-compra\\\/\",\"name\":\"Obrigado por sua compra - Retro Game do Jr\",\"isPartOf\":{\"@id\":\"https:\\\/\\\/www.retrogamedojr.com.br\\\/#website\"},\"datePublished\":\"2023-09-08T11:40:35+00:00\",\"dateModified\":\"2026-03-11T10:43:33+00:00\",\"breadcrumb\":{\"@id\":\"https:\\\/\\\/www.retrogamedojr.com.br\\\/obrigado-por-sua-compra\\\/#breadcrumb\"},\"inLanguage\":\"ru-RU\",\"potentialAction\":[{\"@type\":\"ReadAction\",\"target\":[\"https:\\\/\\\/www.retrogamedojr.com.br\\\/obrigado-por-sua-compra\\\/\"]}]},{\"@type\":\"BreadcrumbList\",\"@id\":\"https:\\\/\\\/www.retrogamedojr.com.br\\\/obrigado-por-sua-compra\\\/#breadcrumb\",\"itemListElement\":[{\"@type\":\"ListItem\",\"position\":1,\"name\":\"In\u00edcio\",\"item\":\"https:\\\/\\\/www.retrogamedojr.com.br\\\/\"},{\"@type\":\"ListItem\",\"position\":2,\"name\":\"Obrigado por sua compra\"}]},{\"@type\":\"WebSite\",\"@id\":\"https:\\\/\\\/www.retrogamedojr.com.br\\\/#website\",\"url\":\"https:\\\/\\\/www.retrogamedojr.com.br\\\/\",\"name\":\"Retro Game do Jr\",\"description\":\"Retro Game do Jr\",\"publisher\":{\"@id\":\"https:\\\/\\\/www.retrogamedojr.com.br\\\/#organization\"},\"potentialAction\":[{\"@type\":\"SearchAction\",\"target\":{\"@type\":\"EntryPoint\",\"urlTemplate\":\"https:\\\/\\\/www.retrogamedojr.com.br\\\/?s={search_term_string}\"},\"query-input\":{\"@type\":\"PropertyValueSpecification\",\"valueRequired\":true,\"valueName\":\"search_term_string\"}}],\"inLanguage\":\"ru-RU\"},{\"@type\":\"Organization\",\"@id\":\"https:\\\/\\\/www.retrogamedojr.com.br\\\/#organization\",\"name\":\"Retro Game do Jr\",\"url\":\"https:\\\/\\\/www.retrogamedojr.com.br\\\/\",\"logo\":{\"@type\":\"ImageObject\",\"inLanguage\":\"ru-RU\",\"@id\":\"https:\\\/\\\/www.retrogamedojr.com.br\\\/#\\\/schema\\\/logo\\\/image\\\/\",\"url\":\"https:\\\/\\\/www.retrogamedojr.com.br\\\/wp-content\\\/uploads\\\/2022\\\/12\\\/cropped-logo06-1.png\",\"contentUrl\":\"https:\\\/\\\/www.retrogamedojr.com.br\\\/wp-content\\\/uploads\\\/2022\\\/12\\\/cropped-logo06-1.png\",\"width\":391,\"height\":61,\"caption\":\"Retro Game do Jr\"},\"image\":{\"@id\":\"https:\\\/\\\/www.retrogamedojr.com.br\\\/#\\\/schema\\\/logo\\\/image\\\/\"}}]}<\/script>\n<!-- \/ Yoast SEO Premium plugin. -->","yoast_head_json":{"title":"\u0421\u043f\u0430\u0441\u0438\u0431\u043e \u0437\u0430 \u043f\u043e\u043a\u0443\u043f\u043a\u0443! - Jr&#039;s Retro Game","robots":{"index":"index","follow":"follow","max-snippet":"max-snippet:-1","max-image-preview":"max-image-preview:large","max-video-preview":"max-video-preview:-1"},"canonical":"https:\/\/www.retrogamedojr.com.br\/ru\/\u0441\u043f\u0430\u0441\u0438\u0431\u043e-\u0437\u0430-\u043f\u043e\u043a\u0443\u043f\u043a\u0443\/","og_locale":"ru_RU","og_type":"article","og_title":"Obrigado por sua compra","og_description":"Obrigado por sua compra Obrigado por sua compra\u00a0 * Os dados da sua compra foram enviados de forma autom\u00e1tica para o seu WhastApp e E-MAIL cadastrado durante a compra, favor verificar a sua caixa de entrada, spam ou lixo eletr\u00f4nico.. Voc\u00ea poder\u00e1 acessar diretamente tamb\u00e9m em WWW.RETROGAMEDOJR.COM.BR na aba LOGIN usando o seu email e [&hellip;]","og_url":"https:\/\/www.retrogamedojr.com.br\/ru\/\u0441\u043f\u0430\u0441\u0438\u0431\u043e-\u0437\u0430-\u043f\u043e\u043a\u0443\u043f\u043a\u0443\/","og_site_name":"Retro Game do Jr","article_modified_time":"2026-03-11T10:43:33+00:00","twitter_card":"summary_large_image","twitter_misc":{"\u041f\u0440\u0438\u043c\u0435\u0440\u043d\u043e\u0435 \u0432\u0440\u0435\u043c\u044f \u0434\u043b\u044f \u0447\u0442\u0435\u043d\u0438\u044f":"1 \u043c\u0438\u043d\u0443\u0442\u0430"},"schema":{"@context":"https:\/\/schema.org","@graph":[{"@type":"WebPage","@id":"https:\/\/www.retrogamedojr.com.br\/obrigado-por-sua-compra\/","url":"https:\/\/www.retrogamedojr.com.br\/obrigado-por-sua-compra\/","name":"\u0421\u043f\u0430\u0441\u0438\u0431\u043e \u0437\u0430 \u043f\u043e\u043a\u0443\u043f\u043a\u0443! - Jr&#039;s Retro Game","isPartOf":{"@id":"https:\/\/www.retrogamedojr.com.br\/#website"},"datePublished":"2023-09-08T11:40:35+00:00","dateModified":"2026-03-11T10:43:33+00:00","breadcrumb":{"@id":"https:\/\/www.retrogamedojr.com.br\/obrigado-por-sua-compra\/#breadcrumb"},"inLanguage":"ru-RU","potentialAction":[{"@type":"ReadAction","target":["https:\/\/www.retrogamedojr.com.br\/obrigado-por-sua-compra\/"]}]},{"@type":"BreadcrumbList","@id":"https:\/\/www.retrogamedojr.com.br\/obrigado-por-sua-compra\/#breadcrumb","itemListElement":[{"@type":"ListItem","position":1,"name":"In\u00edcio","item":"https:\/\/www.retrogamedojr.com.br\/"},{"@type":"ListItem","position":2,"name":"Obrigado por sua compra"}]},{"@type":"WebSite","@id":"https:\/\/www.retrogamedojr.com.br\/#website","url":"https:\/\/www.retrogamedojr.com.br\/","name":"\u0420\u0435\u0442\u0440\u043e-\u0438\u0433\u0440\u0430 \u0434\u043b\u044f \u044e\u043d\u044b\u0445 \u0438\u0433\u0440\u043e\u043a\u043e\u0432","description":"\u0420\u0435\u0442\u0440\u043e-\u0438\u0433\u0440\u0430 \u0434\u043b\u044f \u044e\u043d\u044b\u0445 \u0438\u0433\u0440\u043e\u043a\u043e\u0432","publisher":{"@id":"https:\/\/www.retrogamedojr.com.br\/#organization"},"potentialAction":[{"@type":"SearchAction","target":{"@type":"EntryPoint","urlTemplate":"https:\/\/www.retrogamedojr.com.br\/?s={search_term_string}"},"query-input":{"@type":"PropertyValueSpecification","valueRequired":true,"valueName":"search_term_string"}}],"inLanguage":"ru-RU"},{"@type":"Organization","@id":"https:\/\/www.retrogamedojr.com.br\/#organization","name":"\u0420\u0435\u0442\u0440\u043e-\u0438\u0433\u0440\u0430 \u0434\u043b\u044f \u044e\u043d\u044b\u0445 \u0438\u0433\u0440\u043e\u043a\u043e\u0432","url":"https:\/\/www.retrogamedojr.com.br\/","logo":{"@type":"ImageObject","inLanguage":"ru-RU","@id":"https:\/\/www.retrogamedojr.com.br\/#\/schema\/logo\/image\/","url":"https:\/\/www.retrogamedojr.com.br\/wp-content\/uploads\/2022\/12\/cropped-logo06-1.png","contentUrl":"https:\/\/www.retrogamedojr.com.br\/wp-content\/uploads\/2022\/12\/cropped-logo06-1.png","width":391,"height":61,"caption":"Retro Game do Jr"},"image":{"@id":"https:\/\/www.retrogamedojr.com.br\/#\/schema\/logo\/image\/"}}]}},"_links":{"self":[{"href":"https:\/\/www.retrogamedojr.com.br\/ru\/wp-json\/wp\/v2\/pages\/16063","targetHints":{"allow":["GET"]}}],"collection":[{"href":"https:\/\/www.retrogamedojr.com.br\/ru\/wp-json\/wp\/v2\/pages"}],"about":[{"href":"https:\/\/www.retrogamedojr.com.br\/ru\/wp-json\/wp\/v2\/types\/page"}],"author":[{"embeddable":true,"href":"https:\/\/www.retrogamedojr.com.br\/ru\/wp-json\/wp\/v2\/users\/1"}],"replies":[{"embeddable":true,"href":"https:\/\/www.retrogamedojr.com.br\/ru\/wp-json\/wp\/v2\/comments?post=16063"}],"version-history":[{"count":17,"href":"https:\/\/www.retrogamedojr.com.br\/ru\/wp-json\/wp\/v2\/pages\/16063\/revisions"}],"predecessor-version":[{"id":32263,"href":"https:\/\/www.retrogamedojr.com.br\/ru\/wp-json\/wp\/v2\/pages\/16063\/revisions\/32263"}],"wp:attachment":[{"href":"https:\/\/www.retrogamedojr.com.br\/ru\/wp-json\/wp\/v2\/media?parent=16063"}],"curies":[{"name":"wp","href":"https:\/\/api.w.org\/{rel}","templated":true}]}}