{"id":16063,"date":"2023-09-08T08:40:35","date_gmt":"2023-09-08T11:40:35","guid":{"rendered":"https:\/\/www.retrogamedojr.com.br\/?page_id=16063"},"modified":"2026-03-11T07:43:33","modified_gmt":"2026-03-11T10:43:33","slug":"%e3%81%94%e8%b3%bc%e5%85%a5%e3%81%84%e3%81%9f%e3%81%a0%e3%81%8d%e3%81%82%e3%82%8a%e3%81%8c%e3%81%a8%e3%81%86%e3%81%94%e3%81%96%e3%81%84%e3%81%be%e3%81%99%e3%80%82","status":"publish","type":"page","link":"https:\/\/www.retrogamedojr.com.br\/ja\/obrigado-por-sua-compra\/","title":{"rendered":"\u3054\u8cfc\u5165\u3044\u305f\u3060\u304d\u3042\u308a\u304c\u3068\u3046\u3054\u3056\u3044\u307e\u3059\u3002"},"content":{"rendered":"<div data-elementor-type=\"wp-page\" data-elementor-id=\"16063\" class=\"elementor elementor-16063\" data-elementor-post-type=\"page\">\n\t\t\t\t\t\t<section class=\"elementor-section elementor-top-section elementor-element elementor-element-52a1d743 elementor-section-height-min-height elementor-section-content-middle elementor-section-boxed elementor-section-height-default elementor-section-items-middle\" data-id=\"52a1d743\" data-element_type=\"section\" data-e-type=\"section\" data-settings=\"{&quot;background_background&quot;:&quot;classic&quot;}\">\n\t\t\t\t\t\t\t<div class=\"elementor-background-overlay\"><\/div>\n\t\t\t\t\t\t\t<div class=\"elementor-container elementor-column-gap-default\">\n\t\t\t\t\t<div class=\"elementor-column elementor-col-100 elementor-top-column elementor-element elementor-element-3db2a803\" data-id=\"3db2a803\" data-element_type=\"column\" data-e-type=\"column\">\n\t\t\t<div class=\"elementor-widget-wrap elementor-element-populated\">\n\t\t\t\t\t\t<div class=\"elementor-element elementor-element-29143e96 elementor-widget elementor-widget-heading\" data-id=\"29143e96\" data-element_type=\"widget\" data-e-type=\"widget\" data-widget_type=\"heading.default\">\n\t\t\t\t<div class=\"elementor-widget-container\">\n\t\t\t\t\t<h2 class=\"elementor-heading-title elementor-size-default\">\u3054\u8cfc\u5165\u3044\u305f\u3060\u304d\u3042\u308a\u304c\u3068\u3046\u3054\u3056\u3044\u307e\u3059\u3002<\/h2>\t\t\t\t<\/div>\n\t\t\t\t<\/div>\n\t\t\t\t\t<\/div>\n\t\t<\/div>\n\t\t\t\t\t<\/div>\n\t\t<\/section>\n\t\t\t\t<section class=\"elementor-section elementor-top-section elementor-element elementor-element-ae1ff9b elementor-section-boxed elementor-section-height-default elementor-section-height-default\" data-id=\"ae1ff9b\" data-element_type=\"section\" data-e-type=\"section\" data-settings=\"{&quot;background_background&quot;:&quot;classic&quot;}\">\n\t\t\t\t\t\t<div class=\"elementor-container elementor-column-gap-default\">\n\t\t\t\t\t<div class=\"elementor-column elementor-col-100 elementor-top-column elementor-element elementor-element-45134a59\" data-id=\"45134a59\" data-element_type=\"column\" data-e-type=\"column\">\n\t\t\t<div class=\"elementor-widget-wrap\">\n\t\t\t\t\t\t\t<\/div>\n\t\t<\/div>\n\t\t\t\t\t<\/div>\n\t\t<\/section>\n\t\t\t\t<section class=\"elementor-section elementor-top-section elementor-element elementor-element-141b07eb elementor-section-boxed elementor-section-height-default elementor-section-height-default\" data-id=\"141b07eb\" data-element_type=\"section\" data-e-type=\"section\">\n\t\t\t\t\t\t<div class=\"elementor-container elementor-column-gap-default\">\n\t\t\t\t\t<div class=\"elementor-column elementor-col-100 elementor-top-column elementor-element elementor-element-3c74df16\" data-id=\"3c74df16\" data-element_type=\"column\" data-e-type=\"column\" data-settings=\"{&quot;background_background&quot;:&quot;classic&quot;}\">\n\t\t\t<div class=\"elementor-widget-wrap elementor-element-populated\">\n\t\t\t\t\t\t<div class=\"elementor-element elementor-element-6ac3cf8f elementor-widget elementor-widget-text-editor\" data-id=\"6ac3cf8f\" data-element_type=\"widget\" data-e-type=\"widget\" data-widget_type=\"text-editor.default\">\n\t\t\t\t<div class=\"elementor-widget-container\">\n\t\t\t\t\t\t\t\t\t<div><span style=\"color: #000000;\"><span style=\"font-size: 18.6667px;\"><b>\u3054\u8cfc\u5165\u3044\u305f\u3060\u304d\u3042\u308a\u304c\u3068\u3046\u3054\u3056\u3044\u307e\u3059\u3002<\/b><\/span><\/span><\/div><div>\u00a0<\/div><div><p>\u3054\u8cfc\u5165\u5185\u5bb9\u306e\u8a73\u7d30\u306f\u3001\u3054\u8cfc\u5165\u6642\u306b\u3054\u767b\u9332\u3044\u305f\u3060\u3044\u305fWhatsApp\u3068\u30e1\u30fc\u30eb\u30a2\u30c9\u30ec\u30b9\u306b\u81ea\u52d5\u7684\u306b\u9001\u4fe1\u3055\u308c\u307e\u3057\u305f\u3002\u53d7\u4fe1\u30c8\u30ec\u30a4\u3001\u8ff7\u60d1\u30e1\u30fc\u30eb\u30d5\u30a9\u30eb\u30c0\u3001\u307e\u305f\u306f\u30b9\u30d1\u30e0\u30d5\u30a9\u30eb\u30c0\u3092\u3054\u78ba\u8a8d\u304f\u3060\u3055\u3044\u3002.<\/p><\/div><p>\u307e\u305f\u3001WWW.RETROGAMEDOJR.COM.BR \u306b\u30a2\u30af\u30bb\u30b9\u3057\u3001\u8cfc\u5165\u6642\u306b\u4f5c\u6210\u3057\u305f\u30e1\u30fc\u30eb\u30a2\u30c9\u30ec\u30b9\u3068\u30d1\u30b9\u30ef\u30fc\u30c9\u3092\u4f7f\u7528\u3057\u3066\u30ed\u30b0\u30a4\u30f3\u30bf\u30d6\u3092\u958b\u304d\u3001\u305d\u306e\u5f8c\u300c\u30de\u30a4\u30a2\u30ab\u30a6\u30f3\u30c8\u300d\u30bf\u30d6\u3092\u958b\u304f\u3053\u3068\u3067\u3082\u30a2\u30af\u30bb\u30b9\u3067\u304d\u307e\u3059\u3002.<\/p>\t\t\t\t\t\t\t\t<\/div>\n\t\t\t\t<\/div>\n\t\t\t\t\t<\/div>\n\t\t<\/div>\n\t\t\t\t\t<\/div>\n\t\t<\/section>\n\t\t\t\t<section class=\"elementor-section elementor-top-section elementor-element elementor-element-c66670d elementor-section-boxed elementor-section-height-default elementor-section-height-default\" data-id=\"c66670d\" data-element_type=\"section\" data-e-type=\"section\" data-settings=\"{&quot;background_background&quot;:&quot;classic&quot;}\">\n\t\t\t\t\t\t<div class=\"elementor-container elementor-column-gap-default\">\n\t\t\t\t\t<div class=\"elementor-column elementor-col-100 elementor-top-column elementor-element elementor-element-76f0a68\" data-id=\"76f0a68\" data-element_type=\"column\" data-e-type=\"column\">\n\t\t\t<div class=\"elementor-widget-wrap elementor-element-populated\">\n\t\t\t\t\t\t<div class=\"elementor-element elementor-element-c3d16f8 elementor-widget elementor-widget-spacer\" data-id=\"c3d16f8\" data-element_type=\"widget\" data-e-type=\"widget\" data-widget_type=\"spacer.default\">\n\t\t\t\t<div class=\"elementor-widget-container\">\n\t\t\t\t\t\t\t<div class=\"elementor-spacer\">\n\t\t\t<div class=\"elementor-spacer-inner\"><\/div>\n\t\t<\/div>\n\t\t\t\t\t\t<\/div>\n\t\t\t\t<\/div>\n\t\t\t\t\t<\/div>\n\t\t<\/div>\n\t\t\t\t\t<\/div>\n\t\t<\/section>\n\t\t\t\t<\/div>","protected":false},"excerpt":{"rendered":"<p>Obrigado por sua compra Obrigado por sua compra\u00a0 * Os dados da sua compra foram enviados de forma autom\u00e1tica para o seu WhastApp e E-MAIL cadastrado durante a compra, favor verificar a sua caixa de entrada, spam ou lixo eletr\u00f4nico.. Voc\u00ea poder\u00e1 acessar diretamente tamb\u00e9m em WWW.RETROGAMEDOJR.COM.BR na aba LOGIN usando o seu email e [&hellip;]<\/p>\n","protected":false},"author":1,"featured_media":0,"parent":0,"menu_order":1,"comment_status":"closed","ping_status":"closed","template":"","meta":{"_acf_changed":false,"site-sidebar-layout":"no-sidebar","site-content-layout":"page-builder","ast-site-content-layout":"default","site-content-style":"default","site-sidebar-style":"default","ast-global-header-display":"","ast-banner-title-visibility":"","ast-main-header-display":"","ast-hfb-above-header-display":"","ast-hfb-below-header-display":"","ast-hfb-mobile-header-display":"","site-post-title":"disabled","ast-breadcrumbs-content":"","ast-featured-img":"disabled","footer-sml-layout":"","ast-disable-related-posts":"","theme-transparent-header-meta":"","adv-header-id-meta":"","stick-header-meta":"","header-above-stick-meta":"","header-main-stick-meta":"","header-below-stick-meta":"","astra-migrate-meta-layouts":"default","ast-page-background-enabled":"default","ast-page-background-meta":{"desktop":{"background-color":"var(--ast-global-color-4)","background-image":"","background-repeat":"repeat","background-position":"center center","background-size":"auto","background-attachment":"scroll","background-type":"","background-media":"","overlay-type":"","overlay-color":"","overlay-opacity":"","overlay-gradient":""},"tablet":{"background-color":"","background-image":"","background-repeat":"repeat","background-position":"center center","background-size":"auto","background-attachment":"scroll","background-type":"","background-media":"","overlay-type":"","overlay-color":"","overlay-opacity":"","overlay-gradient":""},"mobile":{"background-color":"","background-image":"","background-repeat":"repeat","background-position":"center center","background-size":"auto","background-attachment":"scroll","background-type":"","background-media":"","overlay-type":"","overlay-color":"","overlay-opacity":"","overlay-gradient":""}},"ast-content-background-meta":{"desktop":{"background-color":"var(--ast-global-color-5)","background-image":"","background-repeat":"repeat","background-position":"center center","background-size":"auto","background-attachment":"scroll","background-type":"","background-media":"","overlay-type":"","overlay-color":"","overlay-opacity":"","overlay-gradient":""},"tablet":{"background-color":"var(--ast-global-color-5)","background-image":"","background-repeat":"repeat","background-position":"center center","background-size":"auto","background-attachment":"scroll","background-type":"","background-media":"","overlay-type":"","overlay-color":"","overlay-opacity":"","overlay-gradient":""},"mobile":{"background-color":"var(--ast-global-color-5)","background-image":"","background-repeat":"repeat","background-position":"center center","background-size":"auto","background-attachment":"scroll","background-type":"","background-media":"","overlay-type":"","overlay-color":"","overlay-opacity":"","overlay-gradient":""}},"footnotes":""},"class_list":["post-16063","page","type-page","status-publish","hentry"],"acf":[],"yoast_head":"<!-- This site is optimized with the Yoast SEO Premium plugin v26.1 (Yoast SEO v27.4) - https:\/\/yoast.com\/product\/yoast-seo-premium-wordpress\/ -->\n<title>Obrigado por sua compra - Retro Game do Jr<\/title>\n<meta name=\"robots\" content=\"index, follow, max-snippet:-1, max-image-preview:large, max-video-preview:-1\" \/>\n<link rel=\"canonical\" href=\"https:\/\/www.retrogamedojr.com.br\/ja\/\u3054\u8cfc\u5165\u3044\u305f\u3060\u304d\u3042\u308a\u304c\u3068\u3046\u3054\u3056\u3044\u307e\u3059\u3002\/\" \/>\n<meta property=\"og:locale\" content=\"ja_JP\" \/>\n<meta property=\"og:type\" content=\"article\" \/>\n<meta property=\"og:title\" content=\"Obrigado por sua compra\" \/>\n<meta property=\"og:description\" content=\"Obrigado por sua compra Obrigado por sua compra\u00a0 * Os dados da sua compra foram enviados de forma autom\u00e1tica para o seu WhastApp e E-MAIL cadastrado durante a compra, favor verificar a sua caixa de entrada, spam ou lixo eletr\u00f4nico.. Voc\u00ea poder\u00e1 acessar diretamente tamb\u00e9m em WWW.RETROGAMEDOJR.COM.BR na aba LOGIN usando o seu email e [&hellip;]\" \/>\n<meta property=\"og:url\" content=\"https:\/\/www.retrogamedojr.com.br\/ja\/\u3054\u8cfc\u5165\u3044\u305f\u3060\u304d\u3042\u308a\u304c\u3068\u3046\u3054\u3056\u3044\u307e\u3059\u3002\/\" \/>\n<meta property=\"og:site_name\" content=\"Retro Game do Jr\" \/>\n<meta property=\"article:modified_time\" content=\"2026-03-11T10:43:33+00:00\" \/>\n<meta name=\"twitter:card\" content=\"summary_large_image\" \/>\n<meta name=\"twitter:label1\" content=\"\u63a8\u5b9a\u8aad\u307f\u53d6\u308a\u6642\u9593\" \/>\n\t<meta name=\"twitter:data1\" content=\"1\u5206\" \/>\n<script type=\"application\/ld+json\" class=\"yoast-schema-graph\">{\"@context\":\"https:\\\/\\\/schema.org\",\"@graph\":[{\"@type\":\"WebPage\",\"@id\":\"https:\\\/\\\/www.retrogamedojr.com.br\\\/obrigado-por-sua-compra\\\/\",\"url\":\"https:\\\/\\\/www.retrogamedojr.com.br\\\/obrigado-por-sua-compra\\\/\",\"name\":\"Obrigado por sua compra - Retro Game do Jr\",\"isPartOf\":{\"@id\":\"https:\\\/\\\/www.retrogamedojr.com.br\\\/#website\"},\"datePublished\":\"2023-09-08T11:40:35+00:00\",\"dateModified\":\"2026-03-11T10:43:33+00:00\",\"breadcrumb\":{\"@id\":\"https:\\\/\\\/www.retrogamedojr.com.br\\\/obrigado-por-sua-compra\\\/#breadcrumb\"},\"inLanguage\":\"ja\",\"potentialAction\":[{\"@type\":\"ReadAction\",\"target\":[\"https:\\\/\\\/www.retrogamedojr.com.br\\\/obrigado-por-sua-compra\\\/\"]}]},{\"@type\":\"BreadcrumbList\",\"@id\":\"https:\\\/\\\/www.retrogamedojr.com.br\\\/obrigado-por-sua-compra\\\/#breadcrumb\",\"itemListElement\":[{\"@type\":\"ListItem\",\"position\":1,\"name\":\"In\u00edcio\",\"item\":\"https:\\\/\\\/www.retrogamedojr.com.br\\\/\"},{\"@type\":\"ListItem\",\"position\":2,\"name\":\"Obrigado por sua compra\"}]},{\"@type\":\"WebSite\",\"@id\":\"https:\\\/\\\/www.retrogamedojr.com.br\\\/#website\",\"url\":\"https:\\\/\\\/www.retrogamedojr.com.br\\\/\",\"name\":\"Retro Game do Jr\",\"description\":\"Retro Game do Jr\",\"publisher\":{\"@id\":\"https:\\\/\\\/www.retrogamedojr.com.br\\\/#organization\"},\"potentialAction\":[{\"@type\":\"SearchAction\",\"target\":{\"@type\":\"EntryPoint\",\"urlTemplate\":\"https:\\\/\\\/www.retrogamedojr.com.br\\\/?s={search_term_string}\"},\"query-input\":{\"@type\":\"PropertyValueSpecification\",\"valueRequired\":true,\"valueName\":\"search_term_string\"}}],\"inLanguage\":\"ja\"},{\"@type\":\"Organization\",\"@id\":\"https:\\\/\\\/www.retrogamedojr.com.br\\\/#organization\",\"name\":\"Retro Game do Jr\",\"url\":\"https:\\\/\\\/www.retrogamedojr.com.br\\\/\",\"logo\":{\"@type\":\"ImageObject\",\"inLanguage\":\"ja\",\"@id\":\"https:\\\/\\\/www.retrogamedojr.com.br\\\/#\\\/schema\\\/logo\\\/image\\\/\",\"url\":\"https:\\\/\\\/www.retrogamedojr.com.br\\\/wp-content\\\/uploads\\\/2022\\\/12\\\/cropped-logo06-1.png\",\"contentUrl\":\"https:\\\/\\\/www.retrogamedojr.com.br\\\/wp-content\\\/uploads\\\/2022\\\/12\\\/cropped-logo06-1.png\",\"width\":391,\"height\":61,\"caption\":\"Retro Game do Jr\"},\"image\":{\"@id\":\"https:\\\/\\\/www.retrogamedojr.com.br\\\/#\\\/schema\\\/logo\\\/image\\\/\"}}]}<\/script>\n<!-- \/ Yoast SEO Premium plugin. -->","yoast_head_json":{"title":"\u3054\u8cfc\u5165\u3044\u305f\u3060\u304d\u3042\u308a\u304c\u3068\u3046\u3054\u3056\u3044\u307e\u3059 - Jr&#039;s Retro Game","robots":{"index":"index","follow":"follow","max-snippet":"max-snippet:-1","max-image-preview":"max-image-preview:large","max-video-preview":"max-video-preview:-1"},"canonical":"https:\/\/www.retrogamedojr.com.br\/ja\/\u3054\u8cfc\u5165\u3044\u305f\u3060\u304d\u3042\u308a\u304c\u3068\u3046\u3054\u3056\u3044\u307e\u3059\u3002\/","og_locale":"ja_JP","og_type":"article","og_title":"Obrigado por sua compra","og_description":"Obrigado por sua compra Obrigado por sua compra\u00a0 * Os dados da sua compra foram enviados de forma autom\u00e1tica para o seu WhastApp e E-MAIL cadastrado durante a compra, favor verificar a sua caixa de entrada, spam ou lixo eletr\u00f4nico.. Voc\u00ea poder\u00e1 acessar diretamente tamb\u00e9m em WWW.RETROGAMEDOJR.COM.BR na aba LOGIN usando o seu email e [&hellip;]","og_url":"https:\/\/www.retrogamedojr.com.br\/ja\/\u3054\u8cfc\u5165\u3044\u305f\u3060\u304d\u3042\u308a\u304c\u3068\u3046\u3054\u3056\u3044\u307e\u3059\u3002\/","og_site_name":"Retro Game do Jr","article_modified_time":"2026-03-11T10:43:33+00:00","twitter_card":"summary_large_image","twitter_misc":{"\u63a8\u5b9a\u8aad\u307f\u53d6\u308a\u6642\u9593":"1\u5206"},"schema":{"@context":"https:\/\/schema.org","@graph":[{"@type":"WebPage","@id":"https:\/\/www.retrogamedojr.com.br\/obrigado-por-sua-compra\/","url":"https:\/\/www.retrogamedojr.com.br\/obrigado-por-sua-compra\/","name":"\u3054\u8cfc\u5165\u3044\u305f\u3060\u304d\u3042\u308a\u304c\u3068\u3046\u3054\u3056\u3044\u307e\u3059 - Jr&#039;s Retro Game","isPartOf":{"@id":"https:\/\/www.retrogamedojr.com.br\/#website"},"datePublished":"2023-09-08T11:40:35+00:00","dateModified":"2026-03-11T10:43:33+00:00","breadcrumb":{"@id":"https:\/\/www.retrogamedojr.com.br\/obrigado-por-sua-compra\/#breadcrumb"},"inLanguage":"ja","potentialAction":[{"@type":"ReadAction","target":["https:\/\/www.retrogamedojr.com.br\/obrigado-por-sua-compra\/"]}]},{"@type":"BreadcrumbList","@id":"https:\/\/www.retrogamedojr.com.br\/obrigado-por-sua-compra\/#breadcrumb","itemListElement":[{"@type":"ListItem","position":1,"name":"In\u00edcio","item":"https:\/\/www.retrogamedojr.com.br\/"},{"@type":"ListItem","position":2,"name":"Obrigado por sua compra"}]},{"@type":"WebSite","@id":"https:\/\/www.retrogamedojr.com.br\/#website","url":"https:\/\/www.retrogamedojr.com.br\/","name":"Jr\u306e\u30ec\u30c8\u30ed\u30b2\u30fc\u30e0","description":"Jr\u306e\u30ec\u30c8\u30ed\u30b2\u30fc\u30e0","publisher":{"@id":"https:\/\/www.retrogamedojr.com.br\/#organization"},"potentialAction":[{"@type":"SearchAction","target":{"@type":"EntryPoint","urlTemplate":"https:\/\/www.retrogamedojr.com.br\/?s={search_term_string}"},"query-input":{"@type":"PropertyValueSpecification","valueRequired":true,"valueName":"search_term_string"}}],"inLanguage":"ja"},{"@type":"Organization","@id":"https:\/\/www.retrogamedojr.com.br\/#organization","name":"Jr\u306e\u30ec\u30c8\u30ed\u30b2\u30fc\u30e0","url":"https:\/\/www.retrogamedojr.com.br\/","logo":{"@type":"ImageObject","inLanguage":"ja","@id":"https:\/\/www.retrogamedojr.com.br\/#\/schema\/logo\/image\/","url":"https:\/\/www.retrogamedojr.com.br\/wp-content\/uploads\/2022\/12\/cropped-logo06-1.png","contentUrl":"https:\/\/www.retrogamedojr.com.br\/wp-content\/uploads\/2022\/12\/cropped-logo06-1.png","width":391,"height":61,"caption":"Retro Game do Jr"},"image":{"@id":"https:\/\/www.retrogamedojr.com.br\/#\/schema\/logo\/image\/"}}]}},"_links":{"self":[{"href":"https:\/\/www.retrogamedojr.com.br\/ja\/wp-json\/wp\/v2\/pages\/16063","targetHints":{"allow":["GET"]}}],"collection":[{"href":"https:\/\/www.retrogamedojr.com.br\/ja\/wp-json\/wp\/v2\/pages"}],"about":[{"href":"https:\/\/www.retrogamedojr.com.br\/ja\/wp-json\/wp\/v2\/types\/page"}],"author":[{"embeddable":true,"href":"https:\/\/www.retrogamedojr.com.br\/ja\/wp-json\/wp\/v2\/users\/1"}],"replies":[{"embeddable":true,"href":"https:\/\/www.retrogamedojr.com.br\/ja\/wp-json\/wp\/v2\/comments?post=16063"}],"version-history":[{"count":17,"href":"https:\/\/www.retrogamedojr.com.br\/ja\/wp-json\/wp\/v2\/pages\/16063\/revisions"}],"predecessor-version":[{"id":32263,"href":"https:\/\/www.retrogamedojr.com.br\/ja\/wp-json\/wp\/v2\/pages\/16063\/revisions\/32263"}],"wp:attachment":[{"href":"https:\/\/www.retrogamedojr.com.br\/ja\/wp-json\/wp\/v2\/media?parent=16063"}],"curies":[{"name":"wp","href":"https:\/\/api.w.org\/{rel}","templated":true}]}}