{"id":33971,"date":"2026-04-21T17:07:46","date_gmt":"2026-04-21T20:07:46","guid":{"rendered":"https:\/\/www.retrogamedojr.com.br\/?page_id=33971"},"modified":"2026-04-21T19:03:13","modified_gmt":"2026-04-21T22:03:13","slug":"login-novo","status":"publish","type":"page","link":"https:\/\/www.retrogamedojr.com.br\/it\/login-novo\/","title":{"rendered":"Login novo"},"content":{"rendered":"<div data-elementor-type=\"wp-page\" data-elementor-id=\"33971\" class=\"elementor elementor-33971\" data-elementor-post-type=\"page\">\n\t\t\t\t\t\t<section class=\"elementor-section elementor-top-section elementor-element elementor-element-f6f60c9 elementor-section-height-min-height elementor-section-content-middle elementor-section-boxed elementor-section-height-default elementor-section-items-middle\" data-id=\"f6f60c9\" data-element_type=\"section\" data-e-type=\"section\" data-settings=\"{&quot;background_background&quot;:&quot;classic&quot;}\">\n\t\t\t\t\t\t\t<div class=\"elementor-background-overlay\"><\/div>\n\t\t\t\t\t\t\t<div class=\"elementor-container elementor-column-gap-default\">\n\t\t\t\t\t<div class=\"elementor-column elementor-col-100 elementor-top-column elementor-element elementor-element-26a6efb\" data-id=\"26a6efb\" data-element_type=\"column\" data-e-type=\"column\">\n\t\t\t<div class=\"elementor-widget-wrap elementor-element-populated\">\n\t\t\t\t\t\t<div class=\"elementor-element elementor-element-298e9ab elementor-widget elementor-widget-heading\" data-id=\"298e9ab\" data-element_type=\"widget\" data-e-type=\"widget\" data-widget_type=\"heading.default\">\n\t\t\t\t<div class=\"elementor-widget-container\">\n\t\t\t\t\t<h2 class=\"elementor-heading-title elementor-size-default\">Login<\/h2>\t\t\t\t<\/div>\n\t\t\t\t<\/div>\n\t\t\t\t\t<\/div>\n\t\t<\/div>\n\t\t\t\t\t<\/div>\n\t\t<\/section>\n\t\t\t\t<section class=\"elementor-section elementor-top-section elementor-element elementor-element-6dd44cf elementor-section-boxed elementor-section-height-default elementor-section-height-default\" data-id=\"6dd44cf\" data-element_type=\"section\" data-e-type=\"section\" data-settings=\"{&quot;background_background&quot;:&quot;classic&quot;}\">\n\t\t\t\t\t\t<div class=\"elementor-container elementor-column-gap-default\">\n\t\t\t\t\t<div class=\"elementor-column elementor-col-100 elementor-top-column elementor-element elementor-element-4f794e8\" data-id=\"4f794e8\" data-element_type=\"column\" data-e-type=\"column\">\n\t\t\t<div class=\"elementor-widget-wrap\">\n\t\t\t\t\t\t\t<\/div>\n\t\t<\/div>\n\t\t\t\t\t<\/div>\n\t\t<\/section>\n\t\t\t\t<section class=\"elementor-section elementor-top-section elementor-element elementor-element-62f21986 elementor-section-boxed elementor-section-height-default elementor-section-height-default\" data-id=\"62f21986\" data-element_type=\"section\" data-e-type=\"section\">\n\t\t\t\t\t\t<div class=\"elementor-container elementor-column-gap-default\">\n\t\t\t\t\t<div class=\"elementor-column elementor-col-100 elementor-top-column elementor-element elementor-element-2137513a\" data-id=\"2137513a\" data-element_type=\"column\" data-e-type=\"column\" data-settings=\"{&quot;background_background&quot;:&quot;classic&quot;}\">\n\t\t\t<div class=\"elementor-widget-wrap elementor-element-populated\">\n\t\t\t\t\t\t<section class=\"elementor-section elementor-inner-section elementor-element elementor-element-c0fa4a4 elementor-section-boxed elementor-section-height-default elementor-section-height-default\" data-id=\"c0fa4a4\" data-element_type=\"section\" data-e-type=\"section\">\n\t\t\t\t\t\t<div class=\"elementor-container elementor-column-gap-default\">\n\t\t\t\t\t<div class=\"elementor-column elementor-col-100 elementor-inner-column elementor-element elementor-element-b642b40\" data-id=\"b642b40\" data-element_type=\"column\" data-e-type=\"column\">\n\t\t\t<div class=\"elementor-widget-wrap elementor-element-populated\">\n\t\t\t\t\t\t<div class=\"elementor-element elementor-element-d7a7045 elementor-widget elementor-widget-text-editor\" data-id=\"d7a7045\" data-element_type=\"widget\" data-e-type=\"widget\" data-widget_type=\"text-editor.default\">\n\t\t\t\t<div class=\"elementor-widget-container\">\n\t\t\t\t\t\t\t\t\t<div><span style=\"color: #000000;\"><span style=\"font-size: 18.6667px;\"><b>Login<\/b><\/span><\/span><\/div><div><p>Se voc\u00ea ainda n\u00e3o \u00e9 cliente a sua conta ser\u00e1 criada na finaliza\u00e7\u00e3o da compra ( Checkout ), n\u00e3o \u00e9 necess\u00e1rio criar conta antes da compra.<\/p><\/div>\t\t\t\t\t\t\t\t<\/div>\n\t\t\t\t<\/div>\n\t\t\t\t\t<\/div>\n\t\t<\/div>\n\t\t\t\t\t<\/div>\n\t\t<\/section>\n\t\t\t\t<section class=\"elementor-section elementor-inner-section elementor-element elementor-element-66013b8 elementor-section-boxed elementor-section-height-default elementor-section-height-default\" data-id=\"66013b8\" data-element_type=\"section\" data-e-type=\"section\">\n\t\t\t\t\t\t<div class=\"elementor-container elementor-column-gap-default\">\n\t\t\t\t\t<div class=\"elementor-column elementor-col-50 elementor-inner-column elementor-element elementor-element-e404a6a\" data-id=\"e404a6a\" data-element_type=\"column\" data-e-type=\"column\">\n\t\t\t<div class=\"elementor-widget-wrap elementor-element-populated\">\n\t\t\t\t\t\t<div class=\"elementor-element elementor-element-e3eb94f elementor-widget elementor-widget-login\" data-id=\"e3eb94f\" data-element_type=\"widget\" data-e-type=\"widget\" data-widget_type=\"login.default\">\n\t\t\t\t<div class=\"elementor-widget-container\">\n\t\t\t\t\t\t\t<form class=\"elementor-login elementor-form\" method=\"post\" action=\"https:\/\/www.retrogamedojr.com.br\/wp-login.php\" aria-label=\"Login form\">\n\t\t\t<input type=\"hidden\" name=\"redirect_to\" value=\"https:\/\/www.retrogamedojr.com.br\/my-account\/orders\">\n\t\t\t<div class=\"elementor-form-fields-wrapper\">\n\t\t\t\t<div class=\"elementor-field-type-text elementor-field-group elementor-column elementor-col-100 elementor-field-required\">\n\t\t\t\t\t<label for=\"user-e3eb94f\" class=\"elementor-field-label\">Usu\u00e1rio ou e-mail<\/label>\n\t\t\t\t\t<input size=\"1\" type=\"text\" name=\"log\" id=\"user-e3eb94f\" placeholder=\"\" class=\"elementor-field elementor-field-textual elementor-size-sm\">\n\t\t\t\t<\/div>\n\t\t\t\t<div class=\"elementor-field-type-text elementor-field-group elementor-column elementor-col-100 elementor-field-required\">\n\t\t\t\t\t<label for=\"password-e3eb94f\" class=\"elementor-field-label\">Password<\/label>\n\t\t\t\t\t<input size=\"1\" type=\"password\" name=\"pwd\" id=\"password-e3eb94f\" placeholder=\"\" class=\"elementor-field elementor-field-textual elementor-size-sm\">\n\t\t\t\t<\/div>\n\n\t\t\t\t\n\t\t\t\t<div class=\"elementor-field-group elementor-column elementor-field-type-submit elementor-col-100\">\n\t\t\t\t\t<button type=\"submit\" class=\"elementor-size-sm elementor-button\" name=\"wp-submit\">\n\t\t\t\t\t\t\t\t\t\t\t\t\t\t\t<span class=\"elementor-button-text\">Log In<\/span>\n\t\t\t\t\t\t\t\t\t\t\t\t<\/button>\n\t\t\t\t<\/div>\n\n\t\t\t\t\t\t\t\t\t<div class=\"elementor-field-group elementor-column elementor-col-100\">\n\t\t\t\t\t\t\t\t\t\t\t\t\t\t\t\t\t\t\t\t<a class=\"elementor-lost-password\" href=\"https:\/\/www.retrogamedojr.com.br\/it\/my-account\/\">\n\t\t\t\t\t\t\t\tLost your password?\t\t\t\t\t\t\t<\/a>\n\t\t\t\t\t\t\n\t\t\t\t\t\t\t\t\t\t\t<\/div>\n\t\t\t\t\t\t\t<\/div>\n\t\t<\/form>\n\t\t\t\t\t\t<\/div>\n\t\t\t\t<\/div>\n\t\t\t\t\t<\/div>\n\t\t<\/div>\n\t\t\t\t<div class=\"elementor-column elementor-col-50 elementor-inner-column elementor-element elementor-element-15c732e\" data-id=\"15c732e\" data-element_type=\"column\" data-e-type=\"column\">\n\t\t\t<div class=\"elementor-widget-wrap\">\n\t\t\t\t\t\t\t<\/div>\n\t\t<\/div>\n\t\t\t\t\t<\/div>\n\t\t<\/section>\n\t\t\t\t\t<\/div>\n\t\t<\/div>\n\t\t\t\t\t<\/div>\n\t\t<\/section>\n\t\t\t\t<\/div>","protected":false},"excerpt":{"rendered":"<p>Login Login Se voc\u00ea ainda n\u00e3o \u00e9 cliente a sua conta ser\u00e1 criada na finaliza\u00e7\u00e3o da compra ( Checkout ), n\u00e3o \u00e9 necess\u00e1rio criar conta antes da compra.<\/p>","protected":false},"author":1,"featured_media":0,"parent":0,"menu_order":1,"comment_status":"closed","ping_status":"closed","template":"","meta":{"_acf_changed":false,"site-sidebar-layout":"no-sidebar","site-content-layout":"page-builder","ast-site-content-layout":"full-width-container","site-content-style":"default","site-sidebar-style":"default","ast-global-header-display":"","ast-banner-title-visibility":"","ast-main-header-display":"","ast-hfb-above-header-display":"","ast-hfb-below-header-display":"","ast-hfb-mobile-header-display":"","site-post-title":"disabled","ast-breadcrumbs-content":"","ast-featured-img":"disabled","footer-sml-layout":"","ast-disable-related-posts":"","theme-transparent-header-meta":"default","adv-header-id-meta":"","stick-header-meta":"default","header-above-stick-meta":"","header-main-stick-meta":"","header-below-stick-meta":"","astra-migrate-meta-layouts":"set","ast-page-background-enabled":"default","ast-page-background-meta":{"desktop":{"background-color":"var(--ast-global-color-4)","background-image":"","background-repeat":"repeat","background-position":"center center","background-size":"auto","background-attachment":"scroll","background-type":"","background-media":"","overlay-type":"","overlay-color":"","overlay-opacity":"","overlay-gradient":""},"tablet":{"background-color":"","background-image":"","background-repeat":"repeat","background-position":"center center","background-size":"auto","background-attachment":"scroll","background-type":"","background-media":"","overlay-type":"","overlay-color":"","overlay-opacity":"","overlay-gradient":""},"mobile":{"background-color":"","background-image":"","background-repeat":"repeat","background-position":"center center","background-size":"auto","background-attachment":"scroll","background-type":"","background-media":"","overlay-type":"","overlay-color":"","overlay-opacity":"","overlay-gradient":""}},"ast-content-background-meta":{"desktop":{"background-color":"var(--ast-global-color-5)","background-image":"","background-repeat":"repeat","background-position":"center center","background-size":"auto","background-attachment":"scroll","background-type":"","background-media":"","overlay-type":"","overlay-color":"","overlay-opacity":"","overlay-gradient":""},"tablet":{"background-color":"var(--ast-global-color-5)","background-image":"","background-repeat":"repeat","background-position":"center center","background-size":"auto","background-attachment":"scroll","background-type":"","background-media":"","overlay-type":"","overlay-color":"","overlay-opacity":"","overlay-gradient":""},"mobile":{"background-color":"var(--ast-global-color-5)","background-image":"","background-repeat":"repeat","background-position":"center center","background-size":"auto","background-attachment":"scroll","background-type":"","background-media":"","overlay-type":"","overlay-color":"","overlay-opacity":"","overlay-gradient":""}},"footnotes":""},"class_list":["post-33971","page","type-page","status-publish","hentry"],"acf":[],"yoast_head":"<!-- This site is optimized with the Yoast SEO Premium plugin v26.1 (Yoast SEO v23.4) - https:\/\/yoast.com\/wordpress\/plugins\/seo\/ -->\n<title>Login novo - Retro Game do Jr<\/title>\n<meta name=\"robots\" content=\"index, follow, max-snippet:-1, max-image-preview:large, max-video-preview:-1\" \/>\n<link rel=\"canonical\" href=\"https:\/\/www.retrogamedojr.com.br\/it\/login-novo\/\" \/>\n<meta property=\"og:locale\" content=\"it_IT\" \/>\n<meta property=\"og:type\" content=\"article\" \/>\n<meta property=\"og:title\" content=\"Login novo - Retro Game do Jr\" \/>\n<meta property=\"og:description\" content=\"Login Login Se voc\u00ea ainda n\u00e3o \u00e9 cliente a sua conta ser\u00e1 criada na finaliza\u00e7\u00e3o da compra ( Checkout ), n\u00e3o \u00e9 necess\u00e1rio criar conta antes da compra.\" \/>\n<meta property=\"og:url\" content=\"https:\/\/www.retrogamedojr.com.br\/it\/login-novo\/\" \/>\n<meta property=\"og:site_name\" content=\"Retro Game do Jr\" \/>\n<meta property=\"article:modified_time\" content=\"2026-04-21T22:03:13+00:00\" \/>\n<meta name=\"twitter:card\" content=\"summary_large_image\" \/>\n<meta name=\"twitter:label1\" content=\"Tempo di lettura stimato\" \/>\n\t<meta name=\"twitter:data1\" content=\"1 minuto\" \/>\n<script type=\"application\/ld+json\" class=\"yoast-schema-graph\">{\"@context\":\"https:\/\/schema.org\",\"@graph\":[{\"@type\":\"WebPage\",\"@id\":\"https:\/\/www.retrogamedojr.com.br\/login-novo\/\",\"url\":\"https:\/\/www.retrogamedojr.com.br\/login-novo\/\",\"name\":\"Login novo - Retro Game do Jr\",\"isPartOf\":{\"@id\":\"https:\/\/www.retrogamedojr.com.br\/#website\"},\"datePublished\":\"2026-04-21T20:07:46+00:00\",\"dateModified\":\"2026-04-21T22:03:13+00:00\",\"breadcrumb\":{\"@id\":\"https:\/\/www.retrogamedojr.com.br\/login-novo\/#breadcrumb\"},\"inLanguage\":\"it-IT\",\"potentialAction\":[{\"@type\":\"ReadAction\",\"target\":[\"https:\/\/www.retrogamedojr.com.br\/login-novo\/\"]}]},{\"@type\":\"BreadcrumbList\",\"@id\":\"https:\/\/www.retrogamedojr.com.br\/login-novo\/#breadcrumb\",\"itemListElement\":[{\"@type\":\"ListItem\",\"position\":1,\"name\":\"In\u00edcio\",\"item\":\"https:\/\/www.retrogamedojr.com.br\/\"},{\"@type\":\"ListItem\",\"position\":2,\"name\":\"Login novo\"}]},{\"@type\":\"WebSite\",\"@id\":\"https:\/\/www.retrogamedojr.com.br\/#website\",\"url\":\"https:\/\/www.retrogamedojr.com.br\/\",\"name\":\"Retro Game do Jr\",\"description\":\"Retro Game do Jr\",\"publisher\":{\"@id\":\"https:\/\/www.retrogamedojr.com.br\/#organization\"},\"potentialAction\":[{\"@type\":\"SearchAction\",\"target\":{\"@type\":\"EntryPoint\",\"urlTemplate\":\"https:\/\/www.retrogamedojr.com.br\/?s={search_term_string}\"},\"query-input\":{\"@type\":\"PropertyValueSpecification\",\"valueRequired\":true,\"valueName\":\"search_term_string\"}}],\"inLanguage\":\"it-IT\"},{\"@type\":\"Organization\",\"@id\":\"https:\/\/www.retrogamedojr.com.br\/#organization\",\"name\":\"Retro Game do Jr\",\"url\":\"https:\/\/www.retrogamedojr.com.br\/\",\"logo\":{\"@type\":\"ImageObject\",\"inLanguage\":\"it-IT\",\"@id\":\"https:\/\/www.retrogamedojr.com.br\/#\/schema\/logo\/image\/\",\"url\":\"https:\/\/www.retrogamedojr.com.br\/wp-content\/uploads\/2022\/12\/cropped-logo06-1.png\",\"contentUrl\":\"https:\/\/www.retrogamedojr.com.br\/wp-content\/uploads\/2022\/12\/cropped-logo06-1.png\",\"width\":391,\"height\":61,\"caption\":\"Retro Game do Jr\"},\"image\":{\"@id\":\"https:\/\/www.retrogamedojr.com.br\/#\/schema\/logo\/image\/\"}}]}<\/script>\n<!-- \/ Yoast SEO Premium plugin. -->","yoast_head_json":{"title":"Login novo - Retro Game do Jr","robots":{"index":"index","follow":"follow","max-snippet":"max-snippet:-1","max-image-preview":"max-image-preview:large","max-video-preview":"max-video-preview:-1"},"canonical":"https:\/\/www.retrogamedojr.com.br\/it\/login-novo\/","og_locale":"it_IT","og_type":"article","og_title":"Login novo - Retro Game do Jr","og_description":"Login Login Se voc\u00ea ainda n\u00e3o \u00e9 cliente a sua conta ser\u00e1 criada na finaliza\u00e7\u00e3o da compra ( Checkout ), n\u00e3o \u00e9 necess\u00e1rio criar conta antes da compra.","og_url":"https:\/\/www.retrogamedojr.com.br\/it\/login-novo\/","og_site_name":"Retro Game do Jr","article_modified_time":"2026-04-21T22:03:13+00:00","twitter_card":"summary_large_image","twitter_misc":{"Tempo di lettura stimato":"1 minuto"},"schema":{"@context":"https:\/\/schema.org","@graph":[{"@type":"WebPage","@id":"https:\/\/www.retrogamedojr.com.br\/login-novo\/","url":"https:\/\/www.retrogamedojr.com.br\/login-novo\/","name":"Login novo - Retro Game do Jr","isPartOf":{"@id":"https:\/\/www.retrogamedojr.com.br\/#website"},"datePublished":"2026-04-21T20:07:46+00:00","dateModified":"2026-04-21T22:03:13+00:00","breadcrumb":{"@id":"https:\/\/www.retrogamedojr.com.br\/login-novo\/#breadcrumb"},"inLanguage":"it-IT","potentialAction":[{"@type":"ReadAction","target":["https:\/\/www.retrogamedojr.com.br\/login-novo\/"]}]},{"@type":"BreadcrumbList","@id":"https:\/\/www.retrogamedojr.com.br\/login-novo\/#breadcrumb","itemListElement":[{"@type":"ListItem","position":1,"name":"In\u00edcio","item":"https:\/\/www.retrogamedojr.com.br\/"},{"@type":"ListItem","position":2,"name":"Login novo"}]},{"@type":"WebSite","@id":"https:\/\/www.retrogamedojr.com.br\/#website","url":"https:\/\/www.retrogamedojr.com.br\/","name":"Il gioco retr\u00f2 di Jr.","description":"Il gioco retr\u00f2 di Jr.","publisher":{"@id":"https:\/\/www.retrogamedojr.com.br\/#organization"},"potentialAction":[{"@type":"SearchAction","target":{"@type":"EntryPoint","urlTemplate":"https:\/\/www.retrogamedojr.com.br\/?s={search_term_string}"},"query-input":{"@type":"PropertyValueSpecification","valueRequired":true,"valueName":"search_term_string"}}],"inLanguage":"it-IT"},{"@type":"Organization","@id":"https:\/\/www.retrogamedojr.com.br\/#organization","name":"Il gioco retr\u00f2 di Jr.","url":"https:\/\/www.retrogamedojr.com.br\/","logo":{"@type":"ImageObject","inLanguage":"it-IT","@id":"https:\/\/www.retrogamedojr.com.br\/#\/schema\/logo\/image\/","url":"https:\/\/www.retrogamedojr.com.br\/wp-content\/uploads\/2022\/12\/cropped-logo06-1.png","contentUrl":"https:\/\/www.retrogamedojr.com.br\/wp-content\/uploads\/2022\/12\/cropped-logo06-1.png","width":391,"height":61,"caption":"Retro Game do Jr"},"image":{"@id":"https:\/\/www.retrogamedojr.com.br\/#\/schema\/logo\/image\/"}}]}},"_links":{"self":[{"href":"https:\/\/www.retrogamedojr.com.br\/it\/wp-json\/wp\/v2\/pages\/33971","targetHints":{"allow":["GET"]}}],"collection":[{"href":"https:\/\/www.retrogamedojr.com.br\/it\/wp-json\/wp\/v2\/pages"}],"about":[{"href":"https:\/\/www.retrogamedojr.com.br\/it\/wp-json\/wp\/v2\/types\/page"}],"author":[{"embeddable":true,"href":"https:\/\/www.retrogamedojr.com.br\/it\/wp-json\/wp\/v2\/users\/1"}],"replies":[{"embeddable":true,"href":"https:\/\/www.retrogamedojr.com.br\/it\/wp-json\/wp\/v2\/comments?post=33971"}],"version-history":[{"count":5,"href":"https:\/\/www.retrogamedojr.com.br\/it\/wp-json\/wp\/v2\/pages\/33971\/revisions"}],"predecessor-version":[{"id":33978,"href":"https:\/\/www.retrogamedojr.com.br\/it\/wp-json\/wp\/v2\/pages\/33971\/revisions\/33978"}],"wp:attachment":[{"href":"https:\/\/www.retrogamedojr.com.br\/it\/wp-json\/wp\/v2\/media?parent=33971"}],"curies":[{"name":"wp","href":"https:\/\/api.w.org\/{rel}","templated":true}]}}