{"id":31282,"date":"2026-02-12T15:11:25","date_gmt":"2026-02-12T18:11:25","guid":{"rendered":"https:\/\/www.retrogamedojr.com.br\/?page_id=31282"},"modified":"2026-03-05T16:05:12","modified_gmt":"2026-03-05T19:05:12","slug":"privacy-e-sicurezza","status":"publish","type":"page","link":"https:\/\/www.retrogamedojr.com.br\/it\/privacidade-e-seguranca\/","title":{"rendered":"Privacy e sicurezza"},"content":{"rendered":"<div data-elementor-type=\"wp-page\" data-elementor-id=\"31282\" class=\"elementor elementor-31282\" data-elementor-post-type=\"page\">\n\t\t\t\t\t\t<section class=\"elementor-section elementor-top-section elementor-element elementor-element-f6f60c9 elementor-section-height-min-height elementor-section-content-middle elementor-section-boxed elementor-section-height-default elementor-section-items-middle\" data-id=\"f6f60c9\" data-element_type=\"section\" data-e-type=\"section\" data-settings=\"{&quot;background_background&quot;:&quot;classic&quot;}\">\n\t\t\t\t\t\t\t<div class=\"elementor-background-overlay\"><\/div>\n\t\t\t\t\t\t\t<div class=\"elementor-container elementor-column-gap-default\">\n\t\t\t\t\t<div class=\"elementor-column elementor-col-100 elementor-top-column elementor-element elementor-element-26a6efb\" data-id=\"26a6efb\" data-element_type=\"column\" data-e-type=\"column\">\n\t\t\t<div class=\"elementor-widget-wrap elementor-element-populated\">\n\t\t\t\t\t\t<div class=\"elementor-element elementor-element-298e9ab elementor-widget elementor-widget-heading\" data-id=\"298e9ab\" data-element_type=\"widget\" data-e-type=\"widget\" data-widget_type=\"heading.default\">\n\t\t\t\t<div class=\"elementor-widget-container\">\n\t\t\t\t\t<h2 class=\"elementor-heading-title elementor-size-default\">Privacy e sicurezza<\/h2>\t\t\t\t<\/div>\n\t\t\t\t<\/div>\n\t\t\t\t\t<\/div>\n\t\t<\/div>\n\t\t\t\t\t<\/div>\n\t\t<\/section>\n\t\t\t\t<section class=\"elementor-section elementor-top-section elementor-element elementor-element-6dd44cf elementor-section-boxed elementor-section-height-default elementor-section-height-default\" data-id=\"6dd44cf\" data-element_type=\"section\" data-e-type=\"section\" data-settings=\"{&quot;background_background&quot;:&quot;classic&quot;}\">\n\t\t\t\t\t\t<div class=\"elementor-container elementor-column-gap-default\">\n\t\t\t\t\t<div class=\"elementor-column elementor-col-100 elementor-top-column elementor-element elementor-element-4f794e8\" data-id=\"4f794e8\" data-element_type=\"column\" data-e-type=\"column\">\n\t\t\t<div class=\"elementor-widget-wrap\">\n\t\t\t\t\t\t\t<\/div>\n\t\t<\/div>\n\t\t\t\t\t<\/div>\n\t\t<\/section>\n\t\t\t\t<section class=\"elementor-section elementor-top-section elementor-element elementor-element-62f21986 elementor-section-boxed elementor-section-height-default elementor-section-height-default\" data-id=\"62f21986\" data-element_type=\"section\" data-e-type=\"section\">\n\t\t\t\t\t\t<div class=\"elementor-container elementor-column-gap-default\">\n\t\t\t\t\t<div class=\"elementor-column elementor-col-100 elementor-top-column elementor-element elementor-element-2137513a\" data-id=\"2137513a\" data-element_type=\"column\" data-e-type=\"column\" data-settings=\"{&quot;background_background&quot;:&quot;classic&quot;}\">\n\t\t\t<div class=\"elementor-widget-wrap elementor-element-populated\">\n\t\t\t\t\t\t<div class=\"elementor-element elementor-element-2ab37cf elementor-widget elementor-widget-text-editor\" data-id=\"2ab37cf\" data-element_type=\"widget\" data-e-type=\"widget\" data-widget_type=\"text-editor.default\">\n\t\t\t\t<div class=\"elementor-widget-container\">\n\t\t\t\t\t\t\t\t\t<div><span style=\"color: #000000; font-size: 14pt;\"><strong>INFORMATIVA SULLA PRIVACY E LA SICUREZZA<\/strong><\/span><\/div><div>\u00a0<\/div><div>Attribuiamo grande importanza alla privacy dei nostri clienti e, pertanto, spieghiamo qui come trattiamo le informazioni che raccogliamo in conformit\u00e0 con il Regolamento generale sulla protezione dei dati (GDPR) n. 13.709 del 2018.<\/div><div>\u00a0<\/div><div><span style=\"color: #000000;\">1. SICUREZZA DELLE INFORMAZIONI<\/span><\/div><div>Durante la navigazione sul sito, i dati vengono crittografati tramite autenticazione SSL (Secure Socket Layer), che garantisce la riservatezza e l&#039;unicit\u00e0 delle transazioni effettuate sul nostro sito per ciascun utente.<\/div><div>\u00a0<\/div><div>I dati e le informazioni raccolti vengono archiviati in un ambiente sicuro, nel rispetto dello stato dell&#039;arte, e possono essere consultati solo da personale qualificato autorizzato da Retro Game do Jr.<\/div><div>\u00a0<\/div><div>\u00a0<\/div><div><span style=\"color: #000000;\">2. RACCOLTA E UTILIZZO DELLE INFORMAZIONI<\/span><\/div><div>Di seguito \u00e8 riportato un elenco dei principali dati che raccogliamo dagli utenti del nostro sito web e di come li utilizziamo.<\/div><div>\u00a0<\/div><div><span style=\"color: #000000;\">2.1. COOKIE E DATI DI NAVIGAZIONE<\/span><\/div><div>I cookie sono file che il nostro sito web installa sul tuo computer per identificarti. Questo ti permette, ad esempio, di evitare di dover digitare nome utente e password ogni volta che accedi al nostro sito. Vengono utilizzati per personalizzare la tua esperienza sul sito e per indirizzare le nostre attivit\u00e0 di marketing. Puoi rimuovere i cookie dal tuo dispositivo dopo aver utilizzato il nostro sito web; consulta la documentazione del tuo browser per sapere come rimuovere i cookie.<\/div><div>\u00a0<\/div><div>Il nostro sito web utilizza i seguenti cookie:<\/div><div>\u00a0<\/div><div>a. Per memorizzare in forma anonima le informazioni del carrello e i prodotti visualizzati di recente.\u00a0<\/div><div>b. Per la tua autenticazione sul sito, per personalizzare il sito in base alle tue esigenze ed eliminare la necessit\u00e0 di inserire una password al tuo prossimo accesso.<\/div><div>c. Per la tua identificazione quando pubblichi commenti sulle pagine del sito web.\u00a0<\/div><div>d. Potremmo inoltre raccogliere alcuni dati di navigazione, come l&#039;indirizzo IP, la geolocalizzazione, i dispositivi e le tecnologie utilizzati per accedere al sito, nonch\u00e9 il comportamento dell&#039;utente all&#039;interno del sito stesso. Queste informazioni vengono rese anonime e ci aiutano a comprendere meglio il nostro pubblico, a migliorare i nostri servizi e a indirizzare il nostro marketing.<\/div><div>\u00a0<\/div><div><span style=\"color: #000000;\">2.2. DATI DI REGISTRAZIONE<\/span><\/div><div>Informazioni personali come nome, indirizzo, CPF (codice fiscale brasiliano), RG (numero di carta d&#039;identit\u00e0 brasiliana), data di nascita, indirizzo email e numero di telefono vengono registrate dall&#039;utente al momento della creazione di un account o dell&#039;effettuazione di un acquisto e vengono conservate a tempo indeterminato. Sono utilizzate per elaborare gli ordini e per finalit\u00e0 di marketing.<\/div><div>\u00a0<\/div><div>Puoi aggiornare o modificare le tue informazioni di registrazione in qualsiasi momento tramite il nostro pannello di amministrazione o contattandoci.<\/div><div>\u00a0<\/div><div><span style=\"color: #000000;\">2.3. DETTAGLI DELLA CARTA DI CREDITO<\/span><\/div><div>I numeri di carta di credito inseriti nel nostro negozio vengono crittografati e inviati direttamente ai nostri sistemi di pagamento, che ne verificano la validit\u00e0. N\u00e9 Infanto Games n\u00e9 questi sistemi hanno accesso a tali informazioni n\u00e9 le memorizzano. Quando fornisci i dettagli del tuo acquisto, i nostri sistemi verificano la transazione online e ci informano se l&#039;acquisto \u00e8 autorizzato o meno.<\/div><div>\u00a0<\/div><div><span style=\"color: #000000;\">2.4. COMUNICAZIONE<\/span><\/div><div>Attraverso i nostri canali di assistenza clienti, potremmo avere accesso alle informazioni personali che i nostri clienti condividono con noi al fine di rispondere a domande o risolvere problemi. Potremmo conservare uno storico dei servizi per migliorare i nostri servizi.<\/div><div>\u00a0<\/div><div><span style=\"color: #000000;\">2.5. PASSWORD<\/span><\/div><div>Le password fornite dai nostri clienti vengono memorizzate in forma crittografata. Ci\u00f2 significa che solo tu conosci la tua password. Ciononostante, \u00e8 tua responsabilit\u00e0 non divulgarla a terzi e assicurarti che sia difficile da indovinare. La password migliore \u00e8 quella che solo tu puoi indovinare. Ti consigliamo inoltre di evitare di utilizzare la stessa password su siti web diversi.<\/div><div>\u00a0<\/div><div><span style=\"color: #000000;\">2.6. E-MAIL<\/span><\/div><div>Il tuo indirizzo email \u00e8 un dato di registrazione, ma pu\u00f2 essere utilizzato anche per campagne di marketing, come l&#039;invio di offerte e promozioni. Quando ti registri sul nostro sito web, hai la possibilit\u00e0 di acconsentire a ricevere comunicazioni. Tuttavia, anche se acconsenti, puoi annullare l&#039;iscrizione al nostro database in qualsiasi momento cliccando sul link di annullamento dell&#039;iscrizione presente nel pi\u00e8 di pagina delle nostre email.<\/div><div>\u00a0<\/div><div><span style=\"color: #000000;\">2.7. UTILIZZO DELLE INFORMAZIONI<\/span><\/div><div>Ci impegniamo a non rendere disponibili i vostri dati, a non trasferirli o venderli a terzi, salvo nei casi in cui ci\u00f2 sia essenziale per la fornitura dei nostri servizi, come ad esempio:\u00a0<\/div><div>\u00a0<\/div><div>a. Per l&#039;approvazione dell&#039;acquisto da parte degli acquirenti e dei metodi di pagamento<\/div><div>b. Per la spedizione del prodotto tramite corrieri<\/div><div>c. Per l&#039;invio di pubblicit\u00e0 ed e-mail tramite piattaforme di marketing.<\/div><div>d. Per indagini sulle frodi e per il servizio clienti.<\/div><div>Inoltre, non condividiamo le informazioni individuali con inserzionisti e partner. I nostri amministratori del sito possono visualizzare le tue informazioni. Le informazioni personali degli utenti possono essere divulgate se richiesto dalla legge.<\/div><div>\u00a0<\/div><div>\u00a0<\/div><div>Contattateci all&#039;indirizzo vendas@retrogamedojr.com.br per qualsiasi domanda o se avete bisogno di assistenza con le vostre informazioni.<\/div><div>\u00a0<\/div><div>Retro Game do Jr si riserva il diritto di modificare la presente informativa per adeguarla a eventuali cambiamenti legislativi o giurisprudenziali, nonch\u00e9 a modifiche relative alle pratiche commerciali. Si prega di consultare questa pagina ogni qualvolta si desideri verificare la presenza di tali modifiche. Se disponiamo dei vostri dati di contatto, verrete informati in caso di modifiche. Utilizzando questo sito web, accettate i termini della nostra informativa.<\/div>\t\t\t\t\t\t\t\t<\/div>\n\t\t\t\t<\/div>\n\t\t\t\t\t<\/div>\n\t\t<\/div>\n\t\t\t\t\t<\/div>\n\t\t<\/section>\n\t\t\t\t<\/div>","protected":false},"excerpt":{"rendered":"<p>Privacidade e Seguran\u00e7a POL\u00cdTICA DE PRIVACIDADE E SEGURAN\u00c7A\u00a0Prezamos pela privacidade de nossos clientes e, por isso, explicamos aqui como lidamos com as informa\u00e7\u00f5es que coletamos de acordo com a Lei Geral de Prote\u00e7\u00e3o de Dados, N\u00ba 13.709 de 2018.\u00a01. SEGURAN\u00c7A DA INFORMA\u00c7\u00c3OAo navegar no site, os dados s\u00e3o criptografados usando autentica\u00e7\u00e3o SSL (Secure Socket Layer) [&hellip;]<\/p>\n","protected":false},"author":1,"featured_media":0,"parent":0,"menu_order":1,"comment_status":"closed","ping_status":"closed","template":"","meta":{"_acf_changed":false,"site-sidebar-layout":"no-sidebar","site-content-layout":"page-builder","ast-site-content-layout":"full-width-container","site-content-style":"default","site-sidebar-style":"default","ast-global-header-display":"","ast-banner-title-visibility":"","ast-main-header-display":"","ast-hfb-above-header-display":"","ast-hfb-below-header-display":"","ast-hfb-mobile-header-display":"","site-post-title":"disabled","ast-breadcrumbs-content":"","ast-featured-img":"disabled","footer-sml-layout":"","theme-transparent-header-meta":"default","adv-header-id-meta":"","stick-header-meta":"default","header-above-stick-meta":"","header-main-stick-meta":"","header-below-stick-meta":"","astra-migrate-meta-layouts":"set","ast-page-background-enabled":"default","ast-page-background-meta":{"desktop":{"background-color":"var(--ast-global-color-4)","background-image":"","background-repeat":"repeat","background-position":"center center","background-size":"auto","background-attachment":"scroll","background-type":"","background-media":"","overlay-type":"","overlay-color":"","overlay-opacity":"","overlay-gradient":""},"tablet":{"background-color":"","background-image":"","background-repeat":"repeat","background-position":"center center","background-size":"auto","background-attachment":"scroll","background-type":"","background-media":"","overlay-type":"","overlay-color":"","overlay-opacity":"","overlay-gradient":""},"mobile":{"background-color":"","background-image":"","background-repeat":"repeat","background-position":"center center","background-size":"auto","background-attachment":"scroll","background-type":"","background-media":"","overlay-type":"","overlay-color":"","overlay-opacity":"","overlay-gradient":""}},"ast-content-background-meta":{"desktop":{"background-color":"var(--ast-global-color-5)","background-image":"","background-repeat":"repeat","background-position":"center center","background-size":"auto","background-attachment":"scroll","background-type":"","background-media":"","overlay-type":"","overlay-color":"","overlay-opacity":"","overlay-gradient":""},"tablet":{"background-color":"var(--ast-global-color-5)","background-image":"","background-repeat":"repeat","background-position":"center center","background-size":"auto","background-attachment":"scroll","background-type":"","background-media":"","overlay-type":"","overlay-color":"","overlay-opacity":"","overlay-gradient":""},"mobile":{"background-color":"var(--ast-global-color-5)","background-image":"","background-repeat":"repeat","background-position":"center center","background-size":"auto","background-attachment":"scroll","background-type":"","background-media":"","overlay-type":"","overlay-color":"","overlay-opacity":"","overlay-gradient":""}},"footnotes":""},"class_list":["post-31282","page","type-page","status-publish","hentry"],"acf":[],"yoast_head":"<!-- This site is optimized with the Yoast SEO Premium plugin v26.1 (Yoast SEO v23.4) - https:\/\/yoast.com\/wordpress\/plugins\/seo\/ -->\n<title>Privacidade e seguranca - Retro Game do Jr<\/title>\n<meta name=\"robots\" content=\"index, follow, max-snippet:-1, max-image-preview:large, max-video-preview:-1\" \/>\n<link rel=\"canonical\" href=\"https:\/\/www.retrogamedojr.com.br\/it\/privacy-e-sicurezza\/\" \/>\n<meta property=\"og:locale\" content=\"it_IT\" \/>\n<meta property=\"og:type\" content=\"article\" \/>\n<meta property=\"og:title\" content=\"Privacidade e seguranca - Retro Game do Jr\" \/>\n<meta property=\"og:description\" content=\"Privacidade e Seguran\u00e7a POL\u00cdTICA DE PRIVACIDADE E SEGURAN\u00c7A\u00a0Prezamos pela privacidade de nossos clientes e, por isso, explicamos aqui como lidamos com as informa\u00e7\u00f5es que coletamos de acordo com a Lei Geral de Prote\u00e7\u00e3o de Dados, N\u00ba 13.709 de 2018.\u00a01. SEGURAN\u00c7A DA INFORMA\u00c7\u00c3OAo navegar no site, os dados s\u00e3o criptografados usando autentica\u00e7\u00e3o SSL (Secure Socket Layer) [&hellip;]\" \/>\n<meta property=\"og:url\" content=\"https:\/\/www.retrogamedojr.com.br\/it\/privacy-e-sicurezza\/\" \/>\n<meta property=\"og:site_name\" content=\"Retro Game do Jr\" \/>\n<meta property=\"article:modified_time\" content=\"2026-03-05T19:05:12+00:00\" \/>\n<meta name=\"twitter:card\" content=\"summary_large_image\" \/>\n<meta name=\"twitter:label1\" content=\"Tempo di lettura stimato\" \/>\n\t<meta name=\"twitter:data1\" content=\"5 minuti\" \/>\n<script type=\"application\/ld+json\" class=\"yoast-schema-graph\">{\"@context\":\"https:\/\/schema.org\",\"@graph\":[{\"@type\":\"WebPage\",\"@id\":\"https:\/\/www.retrogamedojr.com.br\/privacidade-e-seguranca\/\",\"url\":\"https:\/\/www.retrogamedojr.com.br\/privacidade-e-seguranca\/\",\"name\":\"Privacidade e seguranca - Retro Game do Jr\",\"isPartOf\":{\"@id\":\"https:\/\/www.retrogamedojr.com.br\/#website\"},\"datePublished\":\"2026-02-12T18:11:25+00:00\",\"dateModified\":\"2026-03-05T19:05:12+00:00\",\"breadcrumb\":{\"@id\":\"https:\/\/www.retrogamedojr.com.br\/privacidade-e-seguranca\/#breadcrumb\"},\"inLanguage\":\"it-IT\",\"potentialAction\":[{\"@type\":\"ReadAction\",\"target\":[\"https:\/\/www.retrogamedojr.com.br\/privacidade-e-seguranca\/\"]}]},{\"@type\":\"BreadcrumbList\",\"@id\":\"https:\/\/www.retrogamedojr.com.br\/privacidade-e-seguranca\/#breadcrumb\",\"itemListElement\":[{\"@type\":\"ListItem\",\"position\":1,\"name\":\"In\u00edcio\",\"item\":\"https:\/\/www.retrogamedojr.com.br\/\"},{\"@type\":\"ListItem\",\"position\":2,\"name\":\"Privacidade e seguranca\"}]},{\"@type\":\"WebSite\",\"@id\":\"https:\/\/www.retrogamedojr.com.br\/#website\",\"url\":\"https:\/\/www.retrogamedojr.com.br\/\",\"name\":\"Retro Game do Jr\",\"description\":\"Retro Game do Jr\",\"publisher\":{\"@id\":\"https:\/\/www.retrogamedojr.com.br\/#organization\"},\"potentialAction\":[{\"@type\":\"SearchAction\",\"target\":{\"@type\":\"EntryPoint\",\"urlTemplate\":\"https:\/\/www.retrogamedojr.com.br\/?s={search_term_string}\"},\"query-input\":{\"@type\":\"PropertyValueSpecification\",\"valueRequired\":true,\"valueName\":\"search_term_string\"}}],\"inLanguage\":\"it-IT\"},{\"@type\":\"Organization\",\"@id\":\"https:\/\/www.retrogamedojr.com.br\/#organization\",\"name\":\"Retro Game do Jr\",\"url\":\"https:\/\/www.retrogamedojr.com.br\/\",\"logo\":{\"@type\":\"ImageObject\",\"inLanguage\":\"it-IT\",\"@id\":\"https:\/\/www.retrogamedojr.com.br\/#\/schema\/logo\/image\/\",\"url\":\"https:\/\/www.retrogamedojr.com.br\/wp-content\/uploads\/2022\/12\/cropped-logo06-1.png\",\"contentUrl\":\"https:\/\/www.retrogamedojr.com.br\/wp-content\/uploads\/2022\/12\/cropped-logo06-1.png\",\"width\":391,\"height\":61,\"caption\":\"Retro Game do Jr\"},\"image\":{\"@id\":\"https:\/\/www.retrogamedojr.com.br\/#\/schema\/logo\/image\/\"}}]}<\/script>\n<!-- \/ Yoast SEO Premium plugin. -->","yoast_head_json":{"title":"Privacy e sicurezza - Jr&#039;s Retro Game","robots":{"index":"index","follow":"follow","max-snippet":"max-snippet:-1","max-image-preview":"max-image-preview:large","max-video-preview":"max-video-preview:-1"},"canonical":"https:\/\/www.retrogamedojr.com.br\/it\/privacy-e-sicurezza\/","og_locale":"it_IT","og_type":"article","og_title":"Privacidade e seguranca - Retro Game do Jr","og_description":"Privacidade e Seguran\u00e7a POL\u00cdTICA DE PRIVACIDADE E SEGURAN\u00c7A\u00a0Prezamos pela privacidade de nossos clientes e, por isso, explicamos aqui como lidamos com as informa\u00e7\u00f5es que coletamos de acordo com a Lei Geral de Prote\u00e7\u00e3o de Dados, N\u00ba 13.709 de 2018.\u00a01. SEGURAN\u00c7A DA INFORMA\u00c7\u00c3OAo navegar no site, os dados s\u00e3o criptografados usando autentica\u00e7\u00e3o SSL (Secure Socket Layer) [&hellip;]","og_url":"https:\/\/www.retrogamedojr.com.br\/it\/privacy-e-sicurezza\/","og_site_name":"Retro Game do Jr","article_modified_time":"2026-03-05T19:05:12+00:00","twitter_card":"summary_large_image","twitter_misc":{"Tempo di lettura stimato":"5 minuti"},"schema":{"@context":"https:\/\/schema.org","@graph":[{"@type":"WebPage","@id":"https:\/\/www.retrogamedojr.com.br\/privacidade-e-seguranca\/","url":"https:\/\/www.retrogamedojr.com.br\/privacidade-e-seguranca\/","name":"Privacy e sicurezza - Jr&#039;s Retro Game","isPartOf":{"@id":"https:\/\/www.retrogamedojr.com.br\/#website"},"datePublished":"2026-02-12T18:11:25+00:00","dateModified":"2026-03-05T19:05:12+00:00","breadcrumb":{"@id":"https:\/\/www.retrogamedojr.com.br\/privacidade-e-seguranca\/#breadcrumb"},"inLanguage":"it-IT","potentialAction":[{"@type":"ReadAction","target":["https:\/\/www.retrogamedojr.com.br\/privacidade-e-seguranca\/"]}]},{"@type":"BreadcrumbList","@id":"https:\/\/www.retrogamedojr.com.br\/privacidade-e-seguranca\/#breadcrumb","itemListElement":[{"@type":"ListItem","position":1,"name":"In\u00edcio","item":"https:\/\/www.retrogamedojr.com.br\/"},{"@type":"ListItem","position":2,"name":"Privacidade e seguranca"}]},{"@type":"WebSite","@id":"https:\/\/www.retrogamedojr.com.br\/#website","url":"https:\/\/www.retrogamedojr.com.br\/","name":"Il gioco retr\u00f2 di Jr.","description":"Il gioco retr\u00f2 di Jr.","publisher":{"@id":"https:\/\/www.retrogamedojr.com.br\/#organization"},"potentialAction":[{"@type":"SearchAction","target":{"@type":"EntryPoint","urlTemplate":"https:\/\/www.retrogamedojr.com.br\/?s={search_term_string}"},"query-input":{"@type":"PropertyValueSpecification","valueRequired":true,"valueName":"search_term_string"}}],"inLanguage":"it-IT"},{"@type":"Organization","@id":"https:\/\/www.retrogamedojr.com.br\/#organization","name":"Il gioco retr\u00f2 di Jr.","url":"https:\/\/www.retrogamedojr.com.br\/","logo":{"@type":"ImageObject","inLanguage":"it-IT","@id":"https:\/\/www.retrogamedojr.com.br\/#\/schema\/logo\/image\/","url":"https:\/\/www.retrogamedojr.com.br\/wp-content\/uploads\/2022\/12\/cropped-logo06-1.png","contentUrl":"https:\/\/www.retrogamedojr.com.br\/wp-content\/uploads\/2022\/12\/cropped-logo06-1.png","width":391,"height":61,"caption":"Retro Game do Jr"},"image":{"@id":"https:\/\/www.retrogamedojr.com.br\/#\/schema\/logo\/image\/"}}]}},"_links":{"self":[{"href":"https:\/\/www.retrogamedojr.com.br\/it\/wp-json\/wp\/v2\/pages\/31282","targetHints":{"allow":["GET"]}}],"collection":[{"href":"https:\/\/www.retrogamedojr.com.br\/it\/wp-json\/wp\/v2\/pages"}],"about":[{"href":"https:\/\/www.retrogamedojr.com.br\/it\/wp-json\/wp\/v2\/types\/page"}],"author":[{"embeddable":true,"href":"https:\/\/www.retrogamedojr.com.br\/it\/wp-json\/wp\/v2\/users\/1"}],"replies":[{"embeddable":true,"href":"https:\/\/www.retrogamedojr.com.br\/it\/wp-json\/wp\/v2\/comments?post=31282"}],"version-history":[{"count":23,"href":"https:\/\/www.retrogamedojr.com.br\/it\/wp-json\/wp\/v2\/pages\/31282\/revisions"}],"predecessor-version":[{"id":31998,"href":"https:\/\/www.retrogamedojr.com.br\/it\/wp-json\/wp\/v2\/pages\/31282\/revisions\/31998"}],"wp:attachment":[{"href":"https:\/\/www.retrogamedojr.com.br\/it\/wp-json\/wp\/v2\/media?parent=31282"}],"curies":[{"name":"wp","href":"https:\/\/api.w.org\/{rel}","templated":true}]}}