{"id":31282,"date":"2026-02-12T15:11:25","date_gmt":"2026-02-12T18:11:25","guid":{"rendered":"https:\/\/www.retrogamedojr.com.br\/?page_id=31282"},"modified":"2026-03-05T16:05:12","modified_gmt":"2026-03-05T19:05:12","slug":"privacidad-y-seguridad","status":"publish","type":"page","link":"https:\/\/www.retrogamedojr.com.br\/es\/privacidade-e-seguranca\/","title":{"rendered":"Privacidad y seguridad"},"content":{"rendered":"<div data-elementor-type=\"wp-page\" data-elementor-id=\"31282\" class=\"elementor elementor-31282\" data-elementor-post-type=\"page\">\n\t\t\t\t\t\t<section class=\"elementor-section elementor-top-section elementor-element elementor-element-f6f60c9 elementor-section-height-min-height elementor-section-content-middle elementor-section-boxed elementor-section-height-default elementor-section-items-middle\" data-id=\"f6f60c9\" data-element_type=\"section\" data-e-type=\"section\" data-settings=\"{&quot;background_background&quot;:&quot;classic&quot;}\">\n\t\t\t\t\t\t\t<div class=\"elementor-background-overlay\"><\/div>\n\t\t\t\t\t\t\t<div class=\"elementor-container elementor-column-gap-default\">\n\t\t\t\t\t<div class=\"elementor-column elementor-col-100 elementor-top-column elementor-element elementor-element-26a6efb\" data-id=\"26a6efb\" data-element_type=\"column\" data-e-type=\"column\">\n\t\t\t<div class=\"elementor-widget-wrap elementor-element-populated\">\n\t\t\t\t\t\t<div class=\"elementor-element elementor-element-298e9ab elementor-widget elementor-widget-heading\" data-id=\"298e9ab\" data-element_type=\"widget\" data-e-type=\"widget\" data-widget_type=\"heading.default\">\n\t\t\t\t<div class=\"elementor-widget-container\">\n\t\t\t\t\t<h2 class=\"elementor-heading-title elementor-size-default\">Privacidad y seguridad<\/h2>\t\t\t\t<\/div>\n\t\t\t\t<\/div>\n\t\t\t\t\t<\/div>\n\t\t<\/div>\n\t\t\t\t\t<\/div>\n\t\t<\/section>\n\t\t\t\t<section class=\"elementor-section elementor-top-section elementor-element elementor-element-6dd44cf elementor-section-boxed elementor-section-height-default elementor-section-height-default\" data-id=\"6dd44cf\" data-element_type=\"section\" data-e-type=\"section\" data-settings=\"{&quot;background_background&quot;:&quot;classic&quot;}\">\n\t\t\t\t\t\t<div class=\"elementor-container elementor-column-gap-default\">\n\t\t\t\t\t<div class=\"elementor-column elementor-col-100 elementor-top-column elementor-element elementor-element-4f794e8\" data-id=\"4f794e8\" data-element_type=\"column\" data-e-type=\"column\">\n\t\t\t<div class=\"elementor-widget-wrap\">\n\t\t\t\t\t\t\t<\/div>\n\t\t<\/div>\n\t\t\t\t\t<\/div>\n\t\t<\/section>\n\t\t\t\t<section class=\"elementor-section elementor-top-section elementor-element elementor-element-62f21986 elementor-section-boxed elementor-section-height-default elementor-section-height-default\" data-id=\"62f21986\" data-element_type=\"section\" data-e-type=\"section\">\n\t\t\t\t\t\t<div class=\"elementor-container elementor-column-gap-default\">\n\t\t\t\t\t<div class=\"elementor-column elementor-col-100 elementor-top-column elementor-element elementor-element-2137513a\" data-id=\"2137513a\" data-element_type=\"column\" data-e-type=\"column\" data-settings=\"{&quot;background_background&quot;:&quot;classic&quot;}\">\n\t\t\t<div class=\"elementor-widget-wrap elementor-element-populated\">\n\t\t\t\t\t\t<div class=\"elementor-element elementor-element-2ab37cf elementor-widget elementor-widget-text-editor\" data-id=\"2ab37cf\" data-element_type=\"widget\" data-e-type=\"widget\" data-widget_type=\"text-editor.default\">\n\t\t\t\t<div class=\"elementor-widget-container\">\n\t\t\t\t\t\t\t\t\t<div><span style=\"color: #000000; font-size: 14pt;\"><strong>POL\u00cdTICA DE PRIVACIDAD Y SEGURIDAD<\/strong><\/span><\/div><div>\u00a0<\/div><div>Valoramos la privacidad de nuestros clientes y, por lo tanto, explicamos aqu\u00ed c\u00f3mo manejamos la informaci\u00f3n que recopilamos de acuerdo con el Reglamento General de Protecci\u00f3n de Datos, n.\u00ba 13.709 de 2018.<\/div><div>\u00a0<\/div><div><span style=\"color: #000000;\">1. SEGURIDAD DE LA INFORMACI\u00d3N<\/span><\/div><div>Al navegar por el sitio, los datos se cifran mediante la autenticaci\u00f3n SSL (Secure Socket Layer), lo que garantiza que las transacciones realizadas en nuestro sitio sean confidenciales y \u00fanicas para cada usuario.<\/div><div>\u00a0<\/div><div>Los datos y la informaci\u00f3n recopilados se almacenan en un entorno seguro, respetando el estado de la t\u00e9cnica disponible, y solo pueden ser accedidos por personal cualificado autorizado por Retro Game do Jr.<\/div><div>\u00a0<\/div><div>\u00a0<\/div><div><span style=\"color: #000000;\">2. RECOPILACI\u00d3N Y USO DE LA INFORMACI\u00d3N<\/span><\/div><div>A continuaci\u00f3n, se muestra una lista de los principales datos que recopilamos de los usuarios de nuestro sitio web y c\u00f3mo los utilizamos.<\/div><div>\u00a0<\/div><div><span style=\"color: #000000;\">2.1. COOKIES Y DATOS DE NAVEGACI\u00d3N<\/span><\/div><div>Las cookies son archivos que nuestro sitio web instala en tu ordenador para identificarte. Esto te permite, por ejemplo, evitar tener que introducir tu nombre de usuario y contrase\u00f1a cada vez que accedes a nuestro sitio web. Se utilizan para personalizar tu experiencia en el sitio y para optimizar nuestra publicidad. Puedes eliminar las cookies de tu dispositivo despu\u00e9s de usar nuestro sitio web; consulta la documentaci\u00f3n de tu navegador para obtener instrucciones sobre c\u00f3mo hacerlo.<\/div><div>\u00a0<\/div><div>Nuestro sitio web utiliza las siguientes cookies:<\/div><div>\u00a0<\/div><div>a. Para almacenar de forma an\u00f3nima la informaci\u00f3n de su carrito de compras y los productos vistos recientemente.\u00a0<\/div><div>b. Para su autenticaci\u00f3n en el sitio, para personalizar el sitio para usted y para eliminar la necesidad de una contrase\u00f1a la pr\u00f3xima vez que acceda al sitio.<\/div><div>c. Para su identificaci\u00f3n al realizar comentarios en las p\u00e1ginas del sitio web.\u00a0<\/div><div>d. Tambi\u00e9n podemos recopilar algunos datos de navegaci\u00f3n, como la direcci\u00f3n IP, la geolocalizaci\u00f3n, los dispositivos y la tecnolog\u00eda utilizados para acceder al sitio, as\u00ed como el comportamiento del usuario dentro del mismo. Esta informaci\u00f3n se anonimiza y nos ayuda a comprender mejor a nuestra audiencia, mejorar nuestros servicios y optimizar nuestras estrategias de marketing.<\/div><div>\u00a0<\/div><div><span style=\"color: #000000;\">2.2. DATOS DE REGISTRO<\/span><\/div><div>La informaci\u00f3n personal, como nombre, direcci\u00f3n, CPF (n\u00famero de identificaci\u00f3n fiscal brasile\u00f1o), RG (n\u00famero de documento nacional de identidad brasile\u00f1o), fecha de nacimiento, correo electr\u00f3nico y n\u00famero de tel\u00e9fono, es registrada por el usuario al crear una cuenta o realizar una compra y se almacena indefinidamente. Se utiliza para procesar pedidos y con fines de marketing.<\/div><div>\u00a0<\/div><div>Puedes actualizar o modificar tu informaci\u00f3n registrada cuando quieras a trav\u00e9s de nuestro panel de administraci\u00f3n o poni\u00e9ndote en contacto con nosotros.<\/div><div>\u00a0<\/div><div><span style=\"color: #000000;\">2.3. DATOS DE LA TARJETA DE CR\u00c9DITO<\/span><\/div><div>Los n\u00fameros de tarjeta de cr\u00e9dito que ingrese en nuestra tienda se cifran y se env\u00edan directamente a nuestros sistemas de pago, que verifican su validez. Ni Infanto Games ni estos sistemas tienen acceso a esta informaci\u00f3n ni la almacenan. Cuando usted proporciona los detalles de su compra, nuestros sistemas verifican la transacci\u00f3n en l\u00ednea y nos informan si la compra est\u00e1 autorizada o no.<\/div><div>\u00a0<\/div><div><span style=\"color: #000000;\">2.4. COMUNICACI\u00d3N<\/span><\/div><div>A trav\u00e9s de nuestros canales de atenci\u00f3n al cliente, podemos acceder a la informaci\u00f3n personal que nuestros clientes comparten con nosotros para responder preguntas o resolver problemas. Podemos mantener un historial de servicio para mejorar nuestros servicios.<\/div><div>\u00a0<\/div><div><span style=\"color: #000000;\">2.5. CONTRASE\u00d1AS<\/span><\/div><div>Las contrase\u00f1as que nos proporcionan nuestros clientes se almacenan cifradas. Esto significa que solo usted conoce su contrase\u00f1a. Aun as\u00ed, es su responsabilidad no revelarla a terceros y asegurarse de que sea dif\u00edcil de adivinar. La mejor contrase\u00f1a es aquella que solo usted puede adivinar. Tambi\u00e9n le recomendamos que evite usar la misma contrase\u00f1a en diferentes sitios web.<\/div><div>\u00a0<\/div><div><span style=\"color: #000000;\">2.6. CORREO ELECTR\u00d3NICO<\/span><\/div><div>Tu direcci\u00f3n de correo electr\u00f3nico es informaci\u00f3n de registro, pero tambi\u00e9n se puede usar para campa\u00f1as de marketing, como el env\u00edo de ofertas y promociones. Al registrarte en nuestro sitio web, tienes la opci\u00f3n de dar tu consentimiento para recibir mensajes. Sin embargo, incluso si das tu consentimiento, puedes darte de baja de nuestra base de datos en cualquier momento haciendo clic en el enlace para cancelar la suscripci\u00f3n que encontrar\u00e1s en el pie de p\u00e1gina de nuestros correos electr\u00f3nicos.<\/div><div>\u00a0<\/div><div><span style=\"color: #000000;\">2.7. USO DE LA INFORMACI\u00d3N<\/span><\/div><div>Nos comprometemos a no divulgar, transferir ni vender sus datos a terceros, excepto en situaciones que sean esenciales para la prestaci\u00f3n de nuestros servicios, tales como:\u00a0<\/div><div>\u00a0<\/div><div>a. Para la aprobaci\u00f3n de la compra con los adquirentes y los m\u00e9todos de pago.<\/div><div>b. Para el env\u00edo del producto a trav\u00e9s de transportistas<\/div><div>c. Para enviar anuncios y correos electr\u00f3nicos a trav\u00e9s de plataformas de marketing.<\/div><div>d. Para investigaciones de fraude y atenci\u00f3n al cliente.<\/div><div>Tampoco compartimos informaci\u00f3n personal con anunciantes ni socios. Los administradores de nuestro sitio web pueden ver su informaci\u00f3n. La informaci\u00f3n personal del usuario podr\u00e1 divulgarse si as\u00ed lo exige la ley.<\/div><div>\u00a0<\/div><div>\u00a0<\/div><div>Si tiene alguna pregunta o necesita ayuda con su informaci\u00f3n, p\u00f3ngase en contacto con nosotros en vendas@retrogamedojr.com.br.<\/div><div>\u00a0<\/div><div>Retro Game do Jr se reserva el derecho de modificar esta pol\u00edtica para adaptarla a cambios legislativos o jurisprudenciales, as\u00ed como a modificaciones relacionadas con las pr\u00e1cticas comerciales. Consulte esta p\u00e1gina cuando desee saber si se han producido cambios. Si disponemos de su informaci\u00f3n de contacto, le notificaremos si se realiza alguna modificaci\u00f3n. Al utilizar este sitio web, usted acepta los t\u00e9rminos de nuestra pol\u00edtica.<\/div>\t\t\t\t\t\t\t\t<\/div>\n\t\t\t\t<\/div>\n\t\t\t\t\t<\/div>\n\t\t<\/div>\n\t\t\t\t\t<\/div>\n\t\t<\/section>\n\t\t\t\t<\/div>","protected":false},"excerpt":{"rendered":"<p>Privacidade e Seguran\u00e7a POL\u00cdTICA DE PRIVACIDADE E SEGURAN\u00c7A\u00a0Prezamos pela privacidade de nossos clientes e, por isso, explicamos aqui como lidamos com as informa\u00e7\u00f5es que coletamos de acordo com a Lei Geral de Prote\u00e7\u00e3o de Dados, N\u00ba 13.709 de 2018.\u00a01. SEGURAN\u00c7A DA INFORMA\u00c7\u00c3OAo navegar no site, os dados s\u00e3o criptografados usando autentica\u00e7\u00e3o SSL (Secure Socket Layer) [&hellip;]<\/p>\n","protected":false},"author":1,"featured_media":0,"parent":0,"menu_order":1,"comment_status":"closed","ping_status":"closed","template":"","meta":{"_acf_changed":false,"site-sidebar-layout":"no-sidebar","site-content-layout":"page-builder","ast-site-content-layout":"full-width-container","site-content-style":"default","site-sidebar-style":"default","ast-global-header-display":"","ast-banner-title-visibility":"","ast-main-header-display":"","ast-hfb-above-header-display":"","ast-hfb-below-header-display":"","ast-hfb-mobile-header-display":"","site-post-title":"disabled","ast-breadcrumbs-content":"","ast-featured-img":"disabled","footer-sml-layout":"","theme-transparent-header-meta":"default","adv-header-id-meta":"","stick-header-meta":"default","header-above-stick-meta":"","header-main-stick-meta":"","header-below-stick-meta":"","astra-migrate-meta-layouts":"set","ast-page-background-enabled":"default","ast-page-background-meta":{"desktop":{"background-color":"var(--ast-global-color-4)","background-image":"","background-repeat":"repeat","background-position":"center center","background-size":"auto","background-attachment":"scroll","background-type":"","background-media":"","overlay-type":"","overlay-color":"","overlay-opacity":"","overlay-gradient":""},"tablet":{"background-color":"","background-image":"","background-repeat":"repeat","background-position":"center center","background-size":"auto","background-attachment":"scroll","background-type":"","background-media":"","overlay-type":"","overlay-color":"","overlay-opacity":"","overlay-gradient":""},"mobile":{"background-color":"","background-image":"","background-repeat":"repeat","background-position":"center center","background-size":"auto","background-attachment":"scroll","background-type":"","background-media":"","overlay-type":"","overlay-color":"","overlay-opacity":"","overlay-gradient":""}},"ast-content-background-meta":{"desktop":{"background-color":"var(--ast-global-color-5)","background-image":"","background-repeat":"repeat","background-position":"center center","background-size":"auto","background-attachment":"scroll","background-type":"","background-media":"","overlay-type":"","overlay-color":"","overlay-opacity":"","overlay-gradient":""},"tablet":{"background-color":"var(--ast-global-color-5)","background-image":"","background-repeat":"repeat","background-position":"center center","background-size":"auto","background-attachment":"scroll","background-type":"","background-media":"","overlay-type":"","overlay-color":"","overlay-opacity":"","overlay-gradient":""},"mobile":{"background-color":"var(--ast-global-color-5)","background-image":"","background-repeat":"repeat","background-position":"center center","background-size":"auto","background-attachment":"scroll","background-type":"","background-media":"","overlay-type":"","overlay-color":"","overlay-opacity":"","overlay-gradient":""}},"footnotes":""},"class_list":["post-31282","page","type-page","status-publish","hentry"],"acf":[],"yoast_head":"<!-- This site is optimized with the Yoast SEO Premium plugin v26.1 (Yoast SEO v23.4) - https:\/\/yoast.com\/wordpress\/plugins\/seo\/ -->\n<title>Privacidade e seguranca - Retro Game do Jr<\/title>\n<meta name=\"robots\" content=\"index, follow, max-snippet:-1, max-image-preview:large, max-video-preview:-1\" \/>\n<link rel=\"canonical\" href=\"https:\/\/www.retrogamedojr.com.br\/es\/privacidad-y-seguridad\/\" \/>\n<meta property=\"og:locale\" content=\"es_ES\" \/>\n<meta property=\"og:type\" content=\"article\" \/>\n<meta property=\"og:title\" content=\"Privacidade e seguranca - Retro Game do Jr\" \/>\n<meta property=\"og:description\" content=\"Privacidade e Seguran\u00e7a POL\u00cdTICA DE PRIVACIDADE E SEGURAN\u00c7A\u00a0Prezamos pela privacidade de nossos clientes e, por isso, explicamos aqui como lidamos com as informa\u00e7\u00f5es que coletamos de acordo com a Lei Geral de Prote\u00e7\u00e3o de Dados, N\u00ba 13.709 de 2018.\u00a01. SEGURAN\u00c7A DA INFORMA\u00c7\u00c3OAo navegar no site, os dados s\u00e3o criptografados usando autentica\u00e7\u00e3o SSL (Secure Socket Layer) [&hellip;]\" \/>\n<meta property=\"og:url\" content=\"https:\/\/www.retrogamedojr.com.br\/es\/privacidad-y-seguridad\/\" \/>\n<meta property=\"og:site_name\" content=\"Retro Game do Jr\" \/>\n<meta property=\"article:modified_time\" content=\"2026-03-05T19:05:12+00:00\" \/>\n<meta name=\"twitter:card\" content=\"summary_large_image\" \/>\n<meta name=\"twitter:label1\" content=\"Tiempo de lectura\" \/>\n\t<meta name=\"twitter:data1\" content=\"5 minutos\" \/>\n<script type=\"application\/ld+json\" class=\"yoast-schema-graph\">{\"@context\":\"https:\/\/schema.org\",\"@graph\":[{\"@type\":\"WebPage\",\"@id\":\"https:\/\/www.retrogamedojr.com.br\/privacidade-e-seguranca\/\",\"url\":\"https:\/\/www.retrogamedojr.com.br\/privacidade-e-seguranca\/\",\"name\":\"Privacidade e seguranca - Retro Game do Jr\",\"isPartOf\":{\"@id\":\"https:\/\/www.retrogamedojr.com.br\/#website\"},\"datePublished\":\"2026-02-12T18:11:25+00:00\",\"dateModified\":\"2026-03-05T19:05:12+00:00\",\"breadcrumb\":{\"@id\":\"https:\/\/www.retrogamedojr.com.br\/privacidade-e-seguranca\/#breadcrumb\"},\"inLanguage\":\"es\",\"potentialAction\":[{\"@type\":\"ReadAction\",\"target\":[\"https:\/\/www.retrogamedojr.com.br\/privacidade-e-seguranca\/\"]}]},{\"@type\":\"BreadcrumbList\",\"@id\":\"https:\/\/www.retrogamedojr.com.br\/privacidade-e-seguranca\/#breadcrumb\",\"itemListElement\":[{\"@type\":\"ListItem\",\"position\":1,\"name\":\"In\u00edcio\",\"item\":\"https:\/\/www.retrogamedojr.com.br\/\"},{\"@type\":\"ListItem\",\"position\":2,\"name\":\"Privacidade e seguranca\"}]},{\"@type\":\"WebSite\",\"@id\":\"https:\/\/www.retrogamedojr.com.br\/#website\",\"url\":\"https:\/\/www.retrogamedojr.com.br\/\",\"name\":\"Retro Game do Jr\",\"description\":\"Retro Game do Jr\",\"publisher\":{\"@id\":\"https:\/\/www.retrogamedojr.com.br\/#organization\"},\"potentialAction\":[{\"@type\":\"SearchAction\",\"target\":{\"@type\":\"EntryPoint\",\"urlTemplate\":\"https:\/\/www.retrogamedojr.com.br\/?s={search_term_string}\"},\"query-input\":{\"@type\":\"PropertyValueSpecification\",\"valueRequired\":true,\"valueName\":\"search_term_string\"}}],\"inLanguage\":\"es\"},{\"@type\":\"Organization\",\"@id\":\"https:\/\/www.retrogamedojr.com.br\/#organization\",\"name\":\"Retro Game do Jr\",\"url\":\"https:\/\/www.retrogamedojr.com.br\/\",\"logo\":{\"@type\":\"ImageObject\",\"inLanguage\":\"es\",\"@id\":\"https:\/\/www.retrogamedojr.com.br\/#\/schema\/logo\/image\/\",\"url\":\"https:\/\/www.retrogamedojr.com.br\/wp-content\/uploads\/2022\/12\/cropped-logo06-1.png\",\"contentUrl\":\"https:\/\/www.retrogamedojr.com.br\/wp-content\/uploads\/2022\/12\/cropped-logo06-1.png\",\"width\":391,\"height\":61,\"caption\":\"Retro Game do Jr\"},\"image\":{\"@id\":\"https:\/\/www.retrogamedojr.com.br\/#\/schema\/logo\/image\/\"}}]}<\/script>\n<!-- \/ Yoast SEO Premium plugin. -->","yoast_head_json":{"title":"Privacidad y seguridad - El juego retro de Jr.","robots":{"index":"index","follow":"follow","max-snippet":"max-snippet:-1","max-image-preview":"max-image-preview:large","max-video-preview":"max-video-preview:-1"},"canonical":"https:\/\/www.retrogamedojr.com.br\/es\/privacidad-y-seguridad\/","og_locale":"es_ES","og_type":"article","og_title":"Privacidade e seguranca - Retro Game do Jr","og_description":"Privacidade e Seguran\u00e7a POL\u00cdTICA DE PRIVACIDADE E SEGURAN\u00c7A\u00a0Prezamos pela privacidade de nossos clientes e, por isso, explicamos aqui como lidamos com as informa\u00e7\u00f5es que coletamos de acordo com a Lei Geral de Prote\u00e7\u00e3o de Dados, N\u00ba 13.709 de 2018.\u00a01. SEGURAN\u00c7A DA INFORMA\u00c7\u00c3OAo navegar no site, os dados s\u00e3o criptografados usando autentica\u00e7\u00e3o SSL (Secure Socket Layer) [&hellip;]","og_url":"https:\/\/www.retrogamedojr.com.br\/es\/privacidad-y-seguridad\/","og_site_name":"Retro Game do Jr","article_modified_time":"2026-03-05T19:05:12+00:00","twitter_card":"summary_large_image","twitter_misc":{"Tiempo de lectura":"5 minutos"},"schema":{"@context":"https:\/\/schema.org","@graph":[{"@type":"WebPage","@id":"https:\/\/www.retrogamedojr.com.br\/privacidade-e-seguranca\/","url":"https:\/\/www.retrogamedojr.com.br\/privacidade-e-seguranca\/","name":"Privacidad y seguridad - El juego retro de Jr.","isPartOf":{"@id":"https:\/\/www.retrogamedojr.com.br\/#website"},"datePublished":"2026-02-12T18:11:25+00:00","dateModified":"2026-03-05T19:05:12+00:00","breadcrumb":{"@id":"https:\/\/www.retrogamedojr.com.br\/privacidade-e-seguranca\/#breadcrumb"},"inLanguage":"es","potentialAction":[{"@type":"ReadAction","target":["https:\/\/www.retrogamedojr.com.br\/privacidade-e-seguranca\/"]}]},{"@type":"BreadcrumbList","@id":"https:\/\/www.retrogamedojr.com.br\/privacidade-e-seguranca\/#breadcrumb","itemListElement":[{"@type":"ListItem","position":1,"name":"In\u00edcio","item":"https:\/\/www.retrogamedojr.com.br\/"},{"@type":"ListItem","position":2,"name":"Privacidade e seguranca"}]},{"@type":"WebSite","@id":"https:\/\/www.retrogamedojr.com.br\/#website","url":"https:\/\/www.retrogamedojr.com.br\/","name":"Juego retro de Jr.","description":"Juego retro de Jr.","publisher":{"@id":"https:\/\/www.retrogamedojr.com.br\/#organization"},"potentialAction":[{"@type":"SearchAction","target":{"@type":"EntryPoint","urlTemplate":"https:\/\/www.retrogamedojr.com.br\/?s={search_term_string}"},"query-input":{"@type":"PropertyValueSpecification","valueRequired":true,"valueName":"search_term_string"}}],"inLanguage":"es"},{"@type":"Organization","@id":"https:\/\/www.retrogamedojr.com.br\/#organization","name":"Juego retro de Jr.","url":"https:\/\/www.retrogamedojr.com.br\/","logo":{"@type":"ImageObject","inLanguage":"es","@id":"https:\/\/www.retrogamedojr.com.br\/#\/schema\/logo\/image\/","url":"https:\/\/www.retrogamedojr.com.br\/wp-content\/uploads\/2022\/12\/cropped-logo06-1.png","contentUrl":"https:\/\/www.retrogamedojr.com.br\/wp-content\/uploads\/2022\/12\/cropped-logo06-1.png","width":391,"height":61,"caption":"Retro Game do Jr"},"image":{"@id":"https:\/\/www.retrogamedojr.com.br\/#\/schema\/logo\/image\/"}}]}},"_links":{"self":[{"href":"https:\/\/www.retrogamedojr.com.br\/es\/wp-json\/wp\/v2\/pages\/31282","targetHints":{"allow":["GET"]}}],"collection":[{"href":"https:\/\/www.retrogamedojr.com.br\/es\/wp-json\/wp\/v2\/pages"}],"about":[{"href":"https:\/\/www.retrogamedojr.com.br\/es\/wp-json\/wp\/v2\/types\/page"}],"author":[{"embeddable":true,"href":"https:\/\/www.retrogamedojr.com.br\/es\/wp-json\/wp\/v2\/users\/1"}],"replies":[{"embeddable":true,"href":"https:\/\/www.retrogamedojr.com.br\/es\/wp-json\/wp\/v2\/comments?post=31282"}],"version-history":[{"count":23,"href":"https:\/\/www.retrogamedojr.com.br\/es\/wp-json\/wp\/v2\/pages\/31282\/revisions"}],"predecessor-version":[{"id":31998,"href":"https:\/\/www.retrogamedojr.com.br\/es\/wp-json\/wp\/v2\/pages\/31282\/revisions\/31998"}],"wp:attachment":[{"href":"https:\/\/www.retrogamedojr.com.br\/es\/wp-json\/wp\/v2\/media?parent=31282"}],"curies":[{"name":"wp","href":"https:\/\/api.w.org\/{rel}","templated":true}]}}