{"id":31282,"date":"2026-02-12T15:11:25","date_gmt":"2026-02-12T18:11:25","guid":{"rendered":"https:\/\/www.retrogamedojr.com.br\/?page_id=31282"},"modified":"2026-03-05T16:05:12","modified_gmt":"2026-03-05T19:05:12","slug":"privacy-and-security","status":"publish","type":"page","link":"https:\/\/www.retrogamedojr.com.br\/en\/privacidade-e-seguranca\/","title":{"rendered":"Privacy and security"},"content":{"rendered":"<div data-elementor-type=\"wp-page\" data-elementor-id=\"31282\" class=\"elementor elementor-31282\" data-elementor-post-type=\"page\">\n\t\t\t\t\t\t<section class=\"elementor-section elementor-top-section elementor-element elementor-element-f6f60c9 elementor-section-height-min-height elementor-section-content-middle elementor-section-boxed elementor-section-height-default elementor-section-items-middle\" data-id=\"f6f60c9\" data-element_type=\"section\" data-e-type=\"section\" data-settings=\"{&quot;background_background&quot;:&quot;classic&quot;}\">\n\t\t\t\t\t\t\t<div class=\"elementor-background-overlay\"><\/div>\n\t\t\t\t\t\t\t<div class=\"elementor-container elementor-column-gap-default\">\n\t\t\t\t\t<div class=\"elementor-column elementor-col-100 elementor-top-column elementor-element elementor-element-26a6efb\" data-id=\"26a6efb\" data-element_type=\"column\" data-e-type=\"column\">\n\t\t\t<div class=\"elementor-widget-wrap elementor-element-populated\">\n\t\t\t\t\t\t<div class=\"elementor-element elementor-element-298e9ab elementor-widget elementor-widget-heading\" data-id=\"298e9ab\" data-element_type=\"widget\" data-e-type=\"widget\" data-widget_type=\"heading.default\">\n\t\t\t\t<div class=\"elementor-widget-container\">\n\t\t\t\t\t<h2 class=\"elementor-heading-title elementor-size-default\">Privacy and Security<\/h2>\t\t\t\t<\/div>\n\t\t\t\t<\/div>\n\t\t\t\t\t<\/div>\n\t\t<\/div>\n\t\t\t\t\t<\/div>\n\t\t<\/section>\n\t\t\t\t<section class=\"elementor-section elementor-top-section elementor-element elementor-element-6dd44cf elementor-section-boxed elementor-section-height-default elementor-section-height-default\" data-id=\"6dd44cf\" data-element_type=\"section\" data-e-type=\"section\" data-settings=\"{&quot;background_background&quot;:&quot;classic&quot;}\">\n\t\t\t\t\t\t<div class=\"elementor-container elementor-column-gap-default\">\n\t\t\t\t\t<div class=\"elementor-column elementor-col-100 elementor-top-column elementor-element elementor-element-4f794e8\" data-id=\"4f794e8\" data-element_type=\"column\" data-e-type=\"column\">\n\t\t\t<div class=\"elementor-widget-wrap\">\n\t\t\t\t\t\t\t<\/div>\n\t\t<\/div>\n\t\t\t\t\t<\/div>\n\t\t<\/section>\n\t\t\t\t<section class=\"elementor-section elementor-top-section elementor-element elementor-element-62f21986 elementor-section-boxed elementor-section-height-default elementor-section-height-default\" data-id=\"62f21986\" data-element_type=\"section\" data-e-type=\"section\">\n\t\t\t\t\t\t<div class=\"elementor-container elementor-column-gap-default\">\n\t\t\t\t\t<div class=\"elementor-column elementor-col-100 elementor-top-column elementor-element elementor-element-2137513a\" data-id=\"2137513a\" data-element_type=\"column\" data-e-type=\"column\" data-settings=\"{&quot;background_background&quot;:&quot;classic&quot;}\">\n\t\t\t<div class=\"elementor-widget-wrap elementor-element-populated\">\n\t\t\t\t\t\t<div class=\"elementor-element elementor-element-2ab37cf elementor-widget elementor-widget-text-editor\" data-id=\"2ab37cf\" data-element_type=\"widget\" data-e-type=\"widget\" data-widget_type=\"text-editor.default\">\n\t\t\t\t<div class=\"elementor-widget-container\">\n\t\t\t\t\t\t\t\t\t<div><span style=\"color: #000000; font-size: 14pt;\"><strong>PRIVACY AND SECURITY POLICY<\/strong><\/span><\/div><div>\u00a0<\/div><div>We value the privacy of our customers and, therefore, we explain here how we handle the information we collect in accordance with the General Data Protection Law, No. 13.709 of 2018.<\/div><div>\u00a0<\/div><div><span style=\"color: #000000;\">1. INFORMATION SECURITY<\/span><\/div><div>While browsing the site, data is encrypted using SSL (Secure Socket Layer) authentication, which ensures that transactions made on our site are confidential and unique to each user.<\/div><div>\u00a0<\/div><div>The data and information collected are stored in a secure environment, observing the available state of the art, and may only be accessed by qualified personnel authorized by Retro Game do Jr.<\/div><div>\u00a0<\/div><div>\u00a0<\/div><div><span style=\"color: #000000;\">2. COLLECTION AND USE OF INFORMATION<\/span><\/div><div>Below is a list of the main data we collect from our website users and how we use it.<\/div><div>\u00a0<\/div><div><span style=\"color: #000000;\">2.1. COOKIES AND BROWSING DATA<\/span><\/div><div>Cookies are files that our website installs on your computer to identify you. This allows you, for example, to avoid having to type your login and password every time you access our website. They are used to personalize your experience on the site and to target our marketing. You can remove cookies from your device after using our website; check with your browser&#039;s support to learn how to remove cookies.<\/div><div>\u00a0<\/div><div>Our website uses the following cookies:<\/div><div>\u00a0<\/div><div>a. For storing your shopping cart information and recently viewed products anonymously.\u00a0<\/div><div>b. For your authentication on the site, to personalize the site for you, and to eliminate the need for a password the next time you access the site.<\/div><div>c. For your identification when making comments on website pages.\u00a0<\/div><div>d. We may also collect some browsing data such as IP address, geolocation, devices and technology used to access the site, as well as user behavior within the site. This information is anonymized and helps us to better understand our audience, improve our services, and target our marketing.<\/div><div>\u00a0<\/div><div><span style=\"color: #000000;\">2.2. REGISTRATION DATA<\/span><\/div><div>Personal information such as name, address, CPF (Brazilian tax identification number), RG (Brazilian identity card number), date of birth, email, and phone number are registered by the user when creating an account or making a purchase and are stored indefinitely. They are used to process orders and for marketing purposes.<\/div><div>\u00a0<\/div><div>You can update or change your registered information whenever you want through our administrative panel or by contacting us.<\/div><div>\u00a0<\/div><div><span style=\"color: #000000;\">2.3. CREDIT CARD DETAILS<\/span><\/div><div>Credit card numbers entered in our store are encrypted and sent directly to our payment systems, which verify their validity. Neither Infanto Games nor these systems have access to or store this information. When you provide your purchase details, our systems will verify the transaction online and inform us whether the purchase is authorized or not.<\/div><div>\u00a0<\/div><div><span style=\"color: #000000;\">2.4. COMMUNICATION<\/span><\/div><div>Through our customer service channels, we may have access to personal information that our customers share with us in order to answer questions or resolve problems. We may maintain a service history to improve our services.<\/div><div>\u00a0<\/div><div><span style=\"color: #000000;\">2.5. PASSWORDS<\/span><\/div><div>The passwords provided by our customers are stored in encrypted form. This means that only you know your password. Even so, it is your responsibility not to disclose your password to third parties, as well as to ensure that it is difficult to guess. The best password is one that only you can guess. We also recommend that you avoid using the same password on different websites.<\/div><div>\u00a0<\/div><div><span style=\"color: #000000;\">2.6. E-MAIL<\/span><\/div><div>Your email address is registration data, but it can also be used for marketing campaigns such as sending offers and promotions. When you register on our website, you have the option to consent to receiving messages. But even if you consent, you can unsubscribe from our database at any time by clicking the unsubscribe link in the footer of our emails.<\/div><div>\u00a0<\/div><div><span style=\"color: #000000;\">2.7. USE OF INFORMATION<\/span><\/div><div>We are committed to not making your data available, transferring it, or selling it to third parties, except in situations that are essential for the provision of our services, such as:\u00a0<\/div><div>\u00a0<\/div><div>a. For purchase approval with acquirers and payment methods<\/div><div>b. For shipping the product via carriers<\/div><div>c. For sending advertisements and emails through marketing platforms.<\/div><div>d. For fraud investigations and customer service.<\/div><div>We also do not share individual information with advertisers and partners. Our site administrators can view your information. User personal information may be disclosed if required by law.<\/div><div>\u00a0<\/div><div>\u00a0<\/div><div>Contact us at vendas@retrogamedojr.com.br if you have any questions or need help with your information.<\/div><div>\u00a0<\/div><div>Retro Game do Jr reserves the right to modify this policy to adapt it to legislative or jurisprudential changes, as well as modifications related to commercial practices. Check this page whenever you wish to know if there have been any such changes. If we have your contact information, you will be notified if any changes are made. By using this website, you agree to the terms of our policy.<\/div>\t\t\t\t\t\t\t\t<\/div>\n\t\t\t\t<\/div>\n\t\t\t\t\t<\/div>\n\t\t<\/div>\n\t\t\t\t\t<\/div>\n\t\t<\/section>\n\t\t\t\t<\/div>","protected":false},"excerpt":{"rendered":"<p>Privacidade e Seguran\u00e7a POL\u00cdTICA DE PRIVACIDADE E SEGURAN\u00c7A\u00a0Prezamos pela privacidade de nossos clientes e, por isso, explicamos aqui como lidamos com as informa\u00e7\u00f5es que coletamos de acordo com a Lei Geral de Prote\u00e7\u00e3o de Dados, N\u00ba 13.709 de 2018.\u00a01. SEGURAN\u00c7A DA INFORMA\u00c7\u00c3OAo navegar no site, os dados s\u00e3o criptografados usando autentica\u00e7\u00e3o SSL (Secure Socket Layer) [&hellip;]<\/p>\n","protected":false},"author":1,"featured_media":0,"parent":0,"menu_order":1,"comment_status":"closed","ping_status":"closed","template":"","meta":{"_acf_changed":false,"site-sidebar-layout":"no-sidebar","site-content-layout":"page-builder","ast-site-content-layout":"full-width-container","site-content-style":"default","site-sidebar-style":"default","ast-global-header-display":"","ast-banner-title-visibility":"","ast-main-header-display":"","ast-hfb-above-header-display":"","ast-hfb-below-header-display":"","ast-hfb-mobile-header-display":"","site-post-title":"disabled","ast-breadcrumbs-content":"","ast-featured-img":"disabled","footer-sml-layout":"","theme-transparent-header-meta":"default","adv-header-id-meta":"","stick-header-meta":"default","header-above-stick-meta":"","header-main-stick-meta":"","header-below-stick-meta":"","astra-migrate-meta-layouts":"set","ast-page-background-enabled":"default","ast-page-background-meta":{"desktop":{"background-color":"var(--ast-global-color-4)","background-image":"","background-repeat":"repeat","background-position":"center center","background-size":"auto","background-attachment":"scroll","background-type":"","background-media":"","overlay-type":"","overlay-color":"","overlay-opacity":"","overlay-gradient":""},"tablet":{"background-color":"","background-image":"","background-repeat":"repeat","background-position":"center center","background-size":"auto","background-attachment":"scroll","background-type":"","background-media":"","overlay-type":"","overlay-color":"","overlay-opacity":"","overlay-gradient":""},"mobile":{"background-color":"","background-image":"","background-repeat":"repeat","background-position":"center center","background-size":"auto","background-attachment":"scroll","background-type":"","background-media":"","overlay-type":"","overlay-color":"","overlay-opacity":"","overlay-gradient":""}},"ast-content-background-meta":{"desktop":{"background-color":"var(--ast-global-color-5)","background-image":"","background-repeat":"repeat","background-position":"center center","background-size":"auto","background-attachment":"scroll","background-type":"","background-media":"","overlay-type":"","overlay-color":"","overlay-opacity":"","overlay-gradient":""},"tablet":{"background-color":"var(--ast-global-color-5)","background-image":"","background-repeat":"repeat","background-position":"center center","background-size":"auto","background-attachment":"scroll","background-type":"","background-media":"","overlay-type":"","overlay-color":"","overlay-opacity":"","overlay-gradient":""},"mobile":{"background-color":"var(--ast-global-color-5)","background-image":"","background-repeat":"repeat","background-position":"center center","background-size":"auto","background-attachment":"scroll","background-type":"","background-media":"","overlay-type":"","overlay-color":"","overlay-opacity":"","overlay-gradient":""}},"footnotes":""},"class_list":["post-31282","page","type-page","status-publish","hentry"],"acf":[],"yoast_head":"<!-- This site is optimized with the Yoast SEO Premium plugin v26.1 (Yoast SEO v23.4) - https:\/\/yoast.com\/wordpress\/plugins\/seo\/ -->\n<title>Privacidade e seguranca - Retro Game do Jr<\/title>\n<meta name=\"robots\" content=\"index, follow, max-snippet:-1, max-image-preview:large, max-video-preview:-1\" \/>\n<link rel=\"canonical\" href=\"https:\/\/www.retrogamedojr.com.br\/en\/privacy-and-security\/\" \/>\n<meta property=\"og:locale\" content=\"en_US\" \/>\n<meta property=\"og:type\" content=\"article\" \/>\n<meta property=\"og:title\" content=\"Privacidade e seguranca - Retro Game do Jr\" \/>\n<meta property=\"og:description\" content=\"Privacidade e Seguran\u00e7a POL\u00cdTICA DE PRIVACIDADE E SEGURAN\u00c7A\u00a0Prezamos pela privacidade de nossos clientes e, por isso, explicamos aqui como lidamos com as informa\u00e7\u00f5es que coletamos de acordo com a Lei Geral de Prote\u00e7\u00e3o de Dados, N\u00ba 13.709 de 2018.\u00a01. SEGURAN\u00c7A DA INFORMA\u00c7\u00c3OAo navegar no site, os dados s\u00e3o criptografados usando autentica\u00e7\u00e3o SSL (Secure Socket Layer) [&hellip;]\" \/>\n<meta property=\"og:url\" content=\"https:\/\/www.retrogamedojr.com.br\/en\/privacy-and-security\/\" \/>\n<meta property=\"og:site_name\" content=\"Retro Game do Jr\" \/>\n<meta property=\"article:modified_time\" content=\"2026-03-05T19:05:12+00:00\" \/>\n<meta name=\"twitter:card\" content=\"summary_large_image\" \/>\n<meta name=\"twitter:label1\" content=\"Est. reading time\" \/>\n\t<meta name=\"twitter:data1\" content=\"5 minutes\" \/>\n<script type=\"application\/ld+json\" class=\"yoast-schema-graph\">{\"@context\":\"https:\/\/schema.org\",\"@graph\":[{\"@type\":\"WebPage\",\"@id\":\"https:\/\/www.retrogamedojr.com.br\/privacidade-e-seguranca\/\",\"url\":\"https:\/\/www.retrogamedojr.com.br\/privacidade-e-seguranca\/\",\"name\":\"Privacidade e seguranca - Retro Game do Jr\",\"isPartOf\":{\"@id\":\"https:\/\/www.retrogamedojr.com.br\/#website\"},\"datePublished\":\"2026-02-12T18:11:25+00:00\",\"dateModified\":\"2026-03-05T19:05:12+00:00\",\"breadcrumb\":{\"@id\":\"https:\/\/www.retrogamedojr.com.br\/privacidade-e-seguranca\/#breadcrumb\"},\"inLanguage\":\"en-US\",\"potentialAction\":[{\"@type\":\"ReadAction\",\"target\":[\"https:\/\/www.retrogamedojr.com.br\/privacidade-e-seguranca\/\"]}]},{\"@type\":\"BreadcrumbList\",\"@id\":\"https:\/\/www.retrogamedojr.com.br\/privacidade-e-seguranca\/#breadcrumb\",\"itemListElement\":[{\"@type\":\"ListItem\",\"position\":1,\"name\":\"In\u00edcio\",\"item\":\"https:\/\/www.retrogamedojr.com.br\/\"},{\"@type\":\"ListItem\",\"position\":2,\"name\":\"Privacidade e seguranca\"}]},{\"@type\":\"WebSite\",\"@id\":\"https:\/\/www.retrogamedojr.com.br\/#website\",\"url\":\"https:\/\/www.retrogamedojr.com.br\/\",\"name\":\"Retro Game do Jr\",\"description\":\"Retro Game do Jr\",\"publisher\":{\"@id\":\"https:\/\/www.retrogamedojr.com.br\/#organization\"},\"potentialAction\":[{\"@type\":\"SearchAction\",\"target\":{\"@type\":\"EntryPoint\",\"urlTemplate\":\"https:\/\/www.retrogamedojr.com.br\/?s={search_term_string}\"},\"query-input\":{\"@type\":\"PropertyValueSpecification\",\"valueRequired\":true,\"valueName\":\"search_term_string\"}}],\"inLanguage\":\"en-US\"},{\"@type\":\"Organization\",\"@id\":\"https:\/\/www.retrogamedojr.com.br\/#organization\",\"name\":\"Retro Game do Jr\",\"url\":\"https:\/\/www.retrogamedojr.com.br\/\",\"logo\":{\"@type\":\"ImageObject\",\"inLanguage\":\"en-US\",\"@id\":\"https:\/\/www.retrogamedojr.com.br\/#\/schema\/logo\/image\/\",\"url\":\"https:\/\/www.retrogamedojr.com.br\/wp-content\/uploads\/2022\/12\/cropped-logo06-1.png\",\"contentUrl\":\"https:\/\/www.retrogamedojr.com.br\/wp-content\/uploads\/2022\/12\/cropped-logo06-1.png\",\"width\":391,\"height\":61,\"caption\":\"Retro Game do Jr\"},\"image\":{\"@id\":\"https:\/\/www.retrogamedojr.com.br\/#\/schema\/logo\/image\/\"}}]}<\/script>\n<!-- \/ Yoast SEO Premium plugin. -->","yoast_head_json":{"title":"Privacy and security - Jr&#039;s Retro Game","robots":{"index":"index","follow":"follow","max-snippet":"max-snippet:-1","max-image-preview":"max-image-preview:large","max-video-preview":"max-video-preview:-1"},"canonical":"https:\/\/www.retrogamedojr.com.br\/en\/privacy-and-security\/","og_locale":"en_US","og_type":"article","og_title":"Privacidade e seguranca - Retro Game do Jr","og_description":"Privacidade e Seguran\u00e7a POL\u00cdTICA DE PRIVACIDADE E SEGURAN\u00c7A\u00a0Prezamos pela privacidade de nossos clientes e, por isso, explicamos aqui como lidamos com as informa\u00e7\u00f5es que coletamos de acordo com a Lei Geral de Prote\u00e7\u00e3o de Dados, N\u00ba 13.709 de 2018.\u00a01. SEGURAN\u00c7A DA INFORMA\u00c7\u00c3OAo navegar no site, os dados s\u00e3o criptografados usando autentica\u00e7\u00e3o SSL (Secure Socket Layer) [&hellip;]","og_url":"https:\/\/www.retrogamedojr.com.br\/en\/privacy-and-security\/","og_site_name":"Retro Game do Jr","article_modified_time":"2026-03-05T19:05:12+00:00","twitter_card":"summary_large_image","twitter_misc":{"Est. reading time":"5 minutes"},"schema":{"@context":"https:\/\/schema.org","@graph":[{"@type":"WebPage","@id":"https:\/\/www.retrogamedojr.com.br\/privacidade-e-seguranca\/","url":"https:\/\/www.retrogamedojr.com.br\/privacidade-e-seguranca\/","name":"Privacy and security - Jr&#039;s Retro Game","isPartOf":{"@id":"https:\/\/www.retrogamedojr.com.br\/#website"},"datePublished":"2026-02-12T18:11:25+00:00","dateModified":"2026-03-05T19:05:12+00:00","breadcrumb":{"@id":"https:\/\/www.retrogamedojr.com.br\/privacidade-e-seguranca\/#breadcrumb"},"inLanguage":"en-US","potentialAction":[{"@type":"ReadAction","target":["https:\/\/www.retrogamedojr.com.br\/privacidade-e-seguranca\/"]}]},{"@type":"BreadcrumbList","@id":"https:\/\/www.retrogamedojr.com.br\/privacidade-e-seguranca\/#breadcrumb","itemListElement":[{"@type":"ListItem","position":1,"name":"In\u00edcio","item":"https:\/\/www.retrogamedojr.com.br\/"},{"@type":"ListItem","position":2,"name":"Privacidade e seguranca"}]},{"@type":"WebSite","@id":"https:\/\/www.retrogamedojr.com.br\/#website","url":"https:\/\/www.retrogamedojr.com.br\/","name":"Jr&#039;s Retro Game","description":"Jr&#039;s Retro Game","publisher":{"@id":"https:\/\/www.retrogamedojr.com.br\/#organization"},"potentialAction":[{"@type":"SearchAction","target":{"@type":"EntryPoint","urlTemplate":"https:\/\/www.retrogamedojr.com.br\/?s={search_term_string}"},"query-input":{"@type":"PropertyValueSpecification","valueRequired":true,"valueName":"search_term_string"}}],"inLanguage":"en-US"},{"@type":"Organization","@id":"https:\/\/www.retrogamedojr.com.br\/#organization","name":"Jr&#039;s Retro Game","url":"https:\/\/www.retrogamedojr.com.br\/","logo":{"@type":"ImageObject","inLanguage":"en-US","@id":"https:\/\/www.retrogamedojr.com.br\/#\/schema\/logo\/image\/","url":"https:\/\/www.retrogamedojr.com.br\/wp-content\/uploads\/2022\/12\/cropped-logo06-1.png","contentUrl":"https:\/\/www.retrogamedojr.com.br\/wp-content\/uploads\/2022\/12\/cropped-logo06-1.png","width":391,"height":61,"caption":"Retro Game do Jr"},"image":{"@id":"https:\/\/www.retrogamedojr.com.br\/#\/schema\/logo\/image\/"}}]}},"_links":{"self":[{"href":"https:\/\/www.retrogamedojr.com.br\/en\/wp-json\/wp\/v2\/pages\/31282","targetHints":{"allow":["GET"]}}],"collection":[{"href":"https:\/\/www.retrogamedojr.com.br\/en\/wp-json\/wp\/v2\/pages"}],"about":[{"href":"https:\/\/www.retrogamedojr.com.br\/en\/wp-json\/wp\/v2\/types\/page"}],"author":[{"embeddable":true,"href":"https:\/\/www.retrogamedojr.com.br\/en\/wp-json\/wp\/v2\/users\/1"}],"replies":[{"embeddable":true,"href":"https:\/\/www.retrogamedojr.com.br\/en\/wp-json\/wp\/v2\/comments?post=31282"}],"version-history":[{"count":23,"href":"https:\/\/www.retrogamedojr.com.br\/en\/wp-json\/wp\/v2\/pages\/31282\/revisions"}],"predecessor-version":[{"id":31998,"href":"https:\/\/www.retrogamedojr.com.br\/en\/wp-json\/wp\/v2\/pages\/31282\/revisions\/31998"}],"wp:attachment":[{"href":"https:\/\/www.retrogamedojr.com.br\/en\/wp-json\/wp\/v2\/media?parent=31282"}],"curies":[{"name":"wp","href":"https:\/\/api.w.org\/{rel}","templated":true}]}}